{"id":108,"date":"2023-03-31T14:43:14","date_gmt":"2023-03-31T12:43:14","guid":{"rendered":"https:\/\/cipc.gov.sk\/cipcidsk\/?page_id=108"},"modified":"2025-05-29T11:04:57","modified_gmt":"2025-05-29T09:04:57","slug":"uvod","status":"publish","type":"page","link":"https:\/\/cipc.gov.sk\/","title":{"rendered":"Aktuality"},"content":{"rendered":"\n\n\n\n\n\n\n<p class=\"wp-block-paragraph\"><\/p>\n\n\n\n<p class=\"has-text-align-right wp-block-paragraph\"><a href=\".\/index.php\/aktuality\" data-type=\"URL\" data-id=\"https:\/\/cipc.gov.sk\/cipcidsk\/index.php\/aktuality\/\">V\u0161etky aktuality<\/a><\/p>\n\n\n<div class=\"idsk-address idsk-address--full-width\" data-module=\"idsk-address\"><hr class=\"idsk-address__separator-top\" \/>\n<div class=\"idsk-address__content\">\n<div class=\"idsk-address__description\">\n<h2 class=\"govuk-heading-m\">Kontakt<\/h2>\n<hr class=\"idsk-address__separator-bottom\" \/>\n<h3 class=\"govuk-heading-s\">Kore\u0161ponden\u010dn\u00e1 adresa<\/h3>\n<p class=\"govuk-body\">Centrum pre medzin\u00e1rodnopr\u00e1vnu ochranu det\u00ed a ml\u00e1de\u017ee<\/p>\n<p class=\"govuk-body\">\u0160pit\u00e1lska 8<\/p>\n<p class=\"govuk-body\">P. O. Box 57<\/p>\n<p class=\"govuk-body\">814 99 Bratislava<\/p>\n<p class=\"govuk-body\">Slovensk\u00e1 Republika<\/p>\n<p>\u00a0<\/p>\n<p class=\"govuk-body\"><b>Telef\u00f3n:<\/b> +421 2 204 58 200 \/ +421 2 204 58 201<\/p>\n<p>\u00a0<\/p>\n<p class=\"govuk-body\"><b>E-mail:<\/b> info@cipc.gov.sk<\/p>\n<p>\u00a0<\/p>\n<p class=\"govuk-body\"><b>\u00daradn\u00e9 hodiny:<\/b><\/p>\n<p class=\"govuk-body\">pondelok &#8211; \u0161tvrtok 9:00 &#8211; 16:00 hod.<\/p>\n<p class=\"govuk-body\">piatok 9:00 &#8211; 12:00 hod.<\/p>\n<p>Osobn\u00e9 konzult\u00e1cie si v\u017edy dohov\u00e1rajte vopred telefonicky alebo e-mailom.<\/p>\n<p>Takto budete ma\u0165 istotu, \u017ee si na v\u00e1s pr\u00e1vnik \u00faradu zodpovedn\u00fd za konkr\u00e9tnu agendu vyhrad\u00ed dostatok \u010dasu a bude sa v\u00e1m venova\u0165.\u00a0<\/p>\n<p>\u00a0<\/p>\n<\/div>\n<p>\u00a0<\/p>\n<div id=\"wpgmza_map\" class=\"wpgmza_map\" data-settings='{\"id\":\"1\",\"map_title\":\"CIPC\",\"map_width\":\"50\",\"map_height\":\"250\",\"map_start_lat\":\"48.14704572090409\",\"map_start_lng\":\"17.11494394058968\",\"map_start_location\":\"45.950464398418106,-109.81550500000003\",\"map_start_zoom\":\"17\",\"default_marker\":\"\",\"type\":\"1\",\"alignment\":\"4\",\"directions_enabled\":\"0\",\"styling_enabled\":\"0\",\"styling_json\":\"\",\"active\":\"0\",\"kml\":\"\",\"bicycle\":\"0\",\"traffic\":\"0\",\"dbox\":\"0\",\"dbox_width\":\"\",\"listmarkers\":\"0\",\"listmarkers_advanced\":\"0\",\"filterbycat\":\"0\",\"ugm_enabled\":\"0\",\"ugm_category_enabled\":\"0\",\"fusion\":\"\",\"map_width_type\":\"%\",\"map_height_type\":\"px\",\"mass_marker_support\":\"0\",\"ugm_access\":\"0\",\"order_markers_by\":\"0\",\"order_markers_choice\":\"0\",\"show_user_location\":\"0\",\"default_to\":\"\",\"other_settings\":{\"map_type\":1,\"sl_stroke_color\":\"\",\"sl_fill_color\":\"\",\"sl_stroke_opacity\":\"\",\"sl_fill_opacity\":\"\",\"transport_layer\":false,\"action\":\"wpgmza_save_map\",\"redirect_to\":\"\\\/cipcidsk\\\/wp-admin\\\/admin-post.php\",\"map_id\":\"1\",\"wpgmza_savemap\":\"Ulo\\u017ei\\u0165 mapu \\u00bb\",\"http_referer\":\"\\\/cipcidsk\\\/wp-admin\\\/admin.php?page=wp-google-maps-menu&amp;amp;action=edit&amp;amp;map_id=1\",\"wpgmza_id\":\"1\",\"wpgmza_start_location\":\"48.14704572090409,17.11494394058968\",\"wpgmza_start_zoom\":\"17\",\"wpgmza_map_align\":\"3\",\"store_locator_enabled\":false,\"store_locator_distance\":false,\"store_locator_search_area\":\"radial\",\"wpgmza_store_locator_default_radius\":\"10\",\"store_locator_auto_area_max_zoom\":\"\",\"wpgmza_store_locator_radius_style\":\"legacy\",\"store_locator_component_anchor\":\"0\",\"wpgmza_store_locator_bounce\":false,\"wpgmza_sl_animation\":null,\"store_locator_query_string\":\"\",\"store_locator_location_placeholder\":\"\",\"store_locator_default_address\":\"\",\"store_locator_name_search\":false,\"store_locator_name_string\":\"\",\"store_locator_not_found_message\":\"\",\"store_locator_show_distance\":false,\"store_locator_category\":false,\"wpgmza_store_locator_use_their_location\":false,\"wpgmza_store_locator_hide_before_search\":false,\"store_locator_nearby_searches\":false,\"wpgmza_theme_data\":\"\",\"custom_tile_enabled\":false,\"custom_tile_image\":\"\",\"custom_tile_image_width\":\"\",\"custom_tile_image_height\":\"\",\"custom_tile_image_attribution\":\"\",\"iw_primary_color\":\"#000000\",\"iw_accent_color\":\"#000000\",\"iw_text_color\":\"#000000\",\"close_infowindow_on_map_click\":false,\"marker_share_links\":false,\"wpgmza_listmarkers_by\":\"0\",\"marker_listing_component_anchor\":null,\"marker_listing_component_auto_open\":false,\"dataTable_pagination_style\":null,\"category_filter_component_anchor\":null,\"zoom_level_on_marker_listing_override\":false,\"zoom_level_on_marker_listing_click\":\"\",\"marker_listing_disable_zoom\":false,\"datatable_no_result_message\":\"\",\"remove_search_box_datables\":false,\"datatable_search_string\":\"\",\"datatable_result_start\":\"\",\"datatable_result_of\":\"\",\"datatable_result_to\":\"\",\"datatable_result_total\":\"\",\"datatable_result_show\":\"\",\"datatable_result_entries\":\"\",\"category_legends_enabled\":false,\"category_legends_component_anchor\":null,\"jump_to_nearest_marker_on_initialization\":false,\"click_open_link\":false,\"wpgmza_zoom_on_marker_click\":false,\"wpgmza_zoom_on_marker_click_slider\":\"\",\"polygon_labels\":false,\"disable_polygon_info_windows\":false,\"fit_maps_bounds_to_markers\":false,\"fit_maps_bounds_to_markers_after_filtering\":false,\"automatically_pan_to_users_location\":false,\"override_users_location_zoom_level\":false,\"override_users_location_zoom_levels\":\"\",\"show_distance_from_location\":false,\"map_starts_in_streetview\":false,\"map_starts_in_streetview_location\":\"\",\"map_starts_in_streetview_heading\":\"\",\"map_starts_in_streetview_pitch\":\"\",\"map_max_zoom\":\"21\",\"map_min_zoom\":\"0\",\"hide_point_of_interest\":false,\"disable_lightbox_images\":false,\"use_Raw_Jpeg_Coordinates\":false,\"enable_marker_ratings\":false,\"only_load_markers_within_viewport\":false,\"wpgmza_store_locator_position\":false,\"wpgmza_marker_listing_position\":false}}' data-map-id='1' Data-maps-engine='open-layers' data-shortcode-attributes='{\"id\":\"1\"}' style=\"display:block; overflow:auto; width:50%; height:250px; float:right;\"><\/div>\n<p>\u00a0<\/p>\n<p class=\"govuk-body\"><b>Adresa<\/b><\/p>\n<p class=\"govuk-body\">\u0160pit\u00e1lska 25 \u2013 27 (oproti budove Ministerstva)<\/p>\n<\/div>\n<hr class=\"idsk-address__separator-bottom\" \/><\/div>","protected":false},"excerpt":{"rendered":"<p>V\u0161etky aktuality Kontakt Kore\u0161ponden\u010dn\u00e1 adresa Centrum pre medzin\u00e1rodnopr\u00e1vnu ochranu det\u00ed a ml\u00e1de\u017ee \u0160pit\u00e1lska 8 P. O. Box 57 814 99 Bratislava Slovensk\u00e1 Republika \u00a0 Telef\u00f3n: +421 2 204 58 200 \/ +421 2 204 58 201 \u00a0 E-mail: info@cipc.gov.sk \u00a0 \u00daradn\u00e9 hodiny: pondelok &#8211; \u0161tvrtok 9:00 &#8211; 16:00 hod. piatok 9:00 &#8211; 12:00 hod. Osobn\u00e9 konzult\u00e1cie si v\u017edy dohov\u00e1rajte vopred telefonicky alebo e-mailom. Takto budete ma\u0165 istotu, \u017ee si na v\u00e1s pr\u00e1vnik \u00faradu zodpovedn\u00fd za konkr\u00e9tnu agendu vyhrad\u00ed dostatok \u010dasu a bude sa v\u00e1m venova\u0165.\u00a0 \u00a0 \u00a0 \u00a0 Adresa \u0160pit\u00e1lska 25 \u2013 27 (oproti budove Ministerstva)<\/p>\n","protected":false},"author":1,"featured_media":0,"parent":0,"menu_order":0,"comment_status":"closed","ping_status":"closed","template":"","meta":{"_crdt_document":"","footnotes":""},"class_list":["post-108","page","type-page","status-publish","hentry"],"_links":{"self":[{"href":"https:\/\/cipc.gov.sk\/index.php\/wp-json\/wp\/v2\/pages\/108","targetHints":{"allow":["GET"]}}],"collection":[{"href":"https:\/\/cipc.gov.sk\/index.php\/wp-json\/wp\/v2\/pages"}],"about":[{"href":"https:\/\/cipc.gov.sk\/index.php\/wp-json\/wp\/v2\/types\/page"}],"author":[{"embeddable":true,"href":"https:\/\/cipc.gov.sk\/index.php\/wp-json\/wp\/v2\/users\/1"}],"replies":[{"embeddable":true,"href":"https:\/\/cipc.gov.sk\/index.php\/wp-json\/wp\/v2\/comments?post=108"}],"version-history":[{"count":74,"href":"https:\/\/cipc.gov.sk\/index.php\/wp-json\/wp\/v2\/pages\/108\/revisions"}],"predecessor-version":[{"id":883,"href":"https:\/\/cipc.gov.sk\/index.php\/wp-json\/wp\/v2\/pages\/108\/revisions\/883"}],"wp:attachment":[{"href":"https:\/\/cipc.gov.sk\/index.php\/wp-json\/wp\/v2\/media?parent=108"}],"curies":[{"name":"wp","href":"https:\/\/api.w.org\/{rel}","templated":true}]}}