{"id":12,"date":"2024-01-12T18:04:00","date_gmt":"2024-01-12T17:04:00","guid":{"rendered":"https:\/\/cipc.gov.sk\/cipcidsk\/?page_id=12"},"modified":"2024-01-12T18:05:19","modified_gmt":"2024-01-12T17:05:19","slug":"cookies-settings","status":"publish","type":"page","link":"https:\/\/cipc.gov.sk\/index.php\/cookies-settings\/","title":{"rendered":"Nastavenia cookies"},"content":{"rendered":"<div class=\"govuk-form-group\">\n\t\t<div class=\"govuk-checkboxes\">\n\t\t\t<div class=\"govuk-checkboxes__item\">\n\t\t\t\t<input class=\"govuk-checkboxes__input idsk-cookies-allow\" id=\"idskCookies\" name=\"\" type=\"checkbox\" value=\"\" checked=\"\" disabled=\"\">\n\t\t\t\t<label class=\"govuk-label govuk-checkboxes__label\" for=\"idskCookies\">\n\t\t\t\t\tNevyhnutne nutn\u00e9 s\u00fabory cookie\n\t\t\t\t<\/label>\n\t\t\t<\/div>\n\t\t<\/div>\n\t<\/div><div class=\"govuk-inset-text\">S\u00fa to z\u00e1kladn\u00e9 s\u00fabory cookie, ktor\u00e9 umo\u017e\u0148uj\u00fa pohybova\u0165 sa po webovej str\u00e1nke a pou\u017e\u00edva\u0165 jej funkcie. Tieto s\u00fabory cookie neukladaj\u00fa \u017eiadne inform\u00e1cie o v\u00e1s, ktor\u00e9 by sa dali pou\u017ei\u0165 na marketing alebo na zapam\u00e4tanie si, \u010do ste si na internete pozerali.<\/div>\n<div class=\"govuk-form-group\">\n\t\t<div class=\"govuk-checkboxes\">\n\t\t\t<div class=\"govuk-checkboxes__item\">\n\t\t\t\t<input class=\"govuk-checkboxes__input idsk-cookies-allow\" id=\"ga-cookies\" name=\"\" type=\"checkbox\" value=\"\"  >\n\t\t\t\t<label class=\"govuk-label govuk-checkboxes__label\" for=\"ga-cookies\">\n\t\t\t\t\tAnalytick\u00e9 s\u00fabory cookie\n\t\t\t\t<\/label>\n\t\t\t<\/div>\n\t\t<\/div>\n\t<\/div><div class=\"govuk-inset-text\">Tieto s\u00fabory zbieraj\u00fa inform\u00e1cie o tom, ako sa pou\u017e\u00edvala webov\u00e1 str\u00e1nka, napr\u00edklad ktor\u00e9 str\u00e1nky naj\u010dastej\u0161ie nav\u0161tevujete a \u010di sa v\u00e1m zobrazili chybov\u00e9 hl\u00e1senia. Nezbieraj\u00fa inform\u00e1cie, na z\u00e1klade ktor\u00fdch by bolo mo\u017en\u00e9 zisti\u0165 va\u0161u toto\u017enos\u0165. V\u0161etky inform\u00e1cie s\u00fa anonymn\u00e9. Pou\u017e\u00edvaj\u00fa sa na zlep\u0161enie funk\u010dnosti webov\u00fdch str\u00e1nok.<\/div>\n<div class=\"govuk-form-group\">\n\t\t<div class=\"govuk-checkboxes\">\n\t\t\t<div class=\"govuk-checkboxes__item\">\n\t\t\t\t<input class=\"govuk-checkboxes__input idsk-cookies-allow\" id=\"preferences-cookies\" name=\"\" type=\"checkbox\" value=\"\"  >\n\t\t\t\t<label class=\"govuk-label govuk-checkboxes__label\" for=\"preferences-cookies\">\n\t\t\t\t\tPreferen\u010dn\u00e9 s\u00fabory cookie\n\t\t\t\t<\/label>\n\t\t\t<\/div>\n\t\t<\/div>\n\t<\/div><div class=\"govuk-inset-text\">V t\u00fdchto s\u00faboroch sa ukladaj\u00fa va\u0161e vo\u013eby (napr. jazykov\u00e9 preferencie) a osobn\u00e9 charakteristiky. M\u00f4\u017eu sa v nich ulo\u017ei\u0165 zmeny, ktor\u00e9 ste na webovej str\u00e1nke urobili. D\u00e1 sa zabezpe\u010di\u0165, aby sa inform\u00e1cie zbierali anonymne. Na ich z\u00e1klade nie je mo\u017en\u00e9 zisti\u0165, ktor\u00e9 in\u00e9 webov\u00e9 str\u00e1nky ste nav\u0161t\u00edvili.<\/div>\n<button type=\"submit\" class=\"idsk-button idsk-cookies-accept idsk-cookies-accept-form\" data-module=\"idsk-button\">\n\t\tUlo\u017ei\u0165 nastavenia\n\t<\/button>\n","protected":false},"excerpt":{"rendered":"","protected":false},"author":1,"featured_media":0,"parent":0,"menu_order":0,"comment_status":"closed","ping_status":"closed","template":"","meta":{"_crdt_document":"","footnotes":""},"class_list":["post-12","page","type-page","status-publish","hentry"],"_links":{"self":[{"href":"https:\/\/cipc.gov.sk\/index.php\/wp-json\/wp\/v2\/pages\/12","targetHints":{"allow":["GET"]}}],"collection":[{"href":"https:\/\/cipc.gov.sk\/index.php\/wp-json\/wp\/v2\/pages"}],"about":[{"href":"https:\/\/cipc.gov.sk\/index.php\/wp-json\/wp\/v2\/types\/page"}],"author":[{"embeddable":true,"href":"https:\/\/cipc.gov.sk\/index.php\/wp-json\/wp\/v2\/users\/1"}],"replies":[{"embeddable":true,"href":"https:\/\/cipc.gov.sk\/index.php\/wp-json\/wp\/v2\/comments?post=12"}],"version-history":[{"count":2,"href":"https:\/\/cipc.gov.sk\/index.php\/wp-json\/wp\/v2\/pages\/12\/revisions"}],"predecessor-version":[{"id":449,"href":"https:\/\/cipc.gov.sk\/index.php\/wp-json\/wp\/v2\/pages\/12\/revisions\/449"}],"wp:attachment":[{"href":"https:\/\/cipc.gov.sk\/index.php\/wp-json\/wp\/v2\/media?parent=12"}],"curies":[{"name":"wp","href":"https:\/\/api.w.org\/{rel}","templated":true}]}}