{"id":22,"date":"2023-03-30T16:52:16","date_gmt":"2023-03-30T14:52:16","guid":{"rendered":"https:\/\/cipc.gov.sk\/cipcidsk\/?page_id=22"},"modified":"2026-02-16T15:42:19","modified_gmt":"2026-02-16T14:42:19","slug":"unosy","status":"publish","type":"page","link":"https:\/\/cipc.gov.sk\/index.php\/unosy\/","title":{"rendered":"\u00danosy"},"content":{"rendered":"\n<p class=\"wp-block-paragraph\"><strong>Pres\u0165ahovanie sa s die\u0165a\u0165om do zahrani\u010dia<\/strong><br><strong>Neopr\u00e1vnen\u00e9 premiestnenie alebo zadr\u017eanie die\u0165a\u0165a v zahrani\u010d\u00ed (tzv. rodi\u010dovsk\u00fd \u00fanos)<\/strong><\/p>\n\n\n\n<p class=\"wp-block-paragraph\">Zmena bydliska die\u0165a\u0165a je v\u00fdznamnou z\u00e1le\u017eitos\u0165ou, na ktorej sa musia obaja rodi\u010dia zhodn\u00fa\u0165, a to bez oh\u013eadu na to, \u010di s\u00fa man\u017eelmi, rozveden\u00ed, \u017eij\u00fa spolo\u010dne alebo oddelene. Dokonca ani v pr\u00edpade, ak je die\u0165a vo v\u00fdlu\u010dnej starostlivosti jedn\u00e9ho z rodi\u010dov, nem\u00e1 tento rodi\u010d pr\u00e1vo bez s\u00fahlasu druh\u00e9ho rodi\u010da zmeni\u0165 bydlisko die\u0165a\u0165a (ani v r\u00e1mci Slovenskej republiky, ani do zahrani\u010dia). Ak sa rodi\u010dia nevedia dohodn\u00fa\u0165, rozhodne na n\u00e1vrh niektor\u00e9ho z nich s\u00fad.<\/p>\n\n\n\n<p class=\"wp-block-paragraph\">Premiestnenie det\u00ed do inej krajiny, ktor\u00e1 je \u010dasto domovskou krajinou \u201erodi\u010da \u00fanoscu\u201c, ako aj protipr\u00e1vne zadr\u017eiavanie det\u00ed v tejto krajine, ku ktor\u00e9mu doch\u00e1dza pomerne be\u017ene po n\u00e1v\u0161teve domovskej krajiny, je pova\u017eovan\u00e9 zo strany tohto \u201erodi\u010da \u00fanoscu\u201c ako samozrejmos\u0165. Druh\u00fd rodi\u010d je potom konfrontovan\u00fd s ot\u00e1zkou, ako die\u0165a \u010do najr\u00fdchlej\u0161ie vr\u00e1ti\u0165, za \u00fa\u010delom obnovenia status quo.<\/p>\n\n\n\n<p class=\"wp-block-paragraph\">Medzin\u00e1rodn\u00fdm rodi\u010dovsk\u00fdm \u00fanosom je zjednodu\u0161ene povedan\u00e9 trval\u00e9 premiestnenie alebo zadr\u017eanie die\u0165a\u0165a jedn\u00fdm z rodi\u010dov bez s\u00fahlasu druh\u00e9ho rodi\u010da (alebo s\u00fahlasu s\u00fadu toho \u0161t\u00e1tu, v ktorom malo die\u0165a pred premiestnen\u00edm obvykl\u00fd pobyt) do in\u00e9ho \u0161t\u00e1tu, ako je \u0161t\u00e1t obvykl\u00e9ho (faktick\u00e9ho) pobytu die\u0165a\u0165a.<\/p>\n\n\n\n<p class=\"wp-block-paragraph\">\u0160t\u00e1tom obvykl\u00e9ho pobytu die\u0165a\u0165a je \u0161t\u00e1t, v ktorom die\u0165a \u017eije, m\u00e1 tam vytvoren\u00e9 rodinn\u00e9 a soci\u00e1lne z\u00e1zemie, teda rodinu, priate\u013eov, napr. tam nav\u0161tevuje pred\u0161kolsk\u00e9 alebo \u0161kolsk\u00e9 zariadenie, z\u00e1ujmov\u00e9 kr\u00fa\u017eky. V tomto \u0161t\u00e1te je die\u0165a zvy\u010dajne zdravotne poisten\u00e9, m\u00e1 tu svojho lek\u00e1ra, a pod. Presn\u00e1 defin\u00edcia obvykl\u00e9ho pobytu v\u0161ak neexistuje a o ot\u00e1zke, ktor\u00fd \u0161t\u00e1t je\/bol \u0161t\u00e1tom obvykl\u00e9ho pobytu die\u0165a\u0165a, rozhoduje v\u00fdlu\u010dne s\u00fad.<\/p>\n\n\n\n<p class=\"wp-block-paragraph\">Cie\u013eom medzin\u00e1rodn\u00fdch dohovorov a pr\u00e1vnych aktov Eur\u00f3pskej \u00fanie v tejto oblasti je:<\/p>\n\n\n\n<ul class=\"wp-block-list\">\n<li>chr\u00e1ni\u0165 deti pred \u0161kodliv\u00fdmi \u00fa\u010dinkami ich neopr\u00e1vnen\u00e9ho premiestnenia do in\u00e9ho zmluvn\u00e9ho \u0161t\u00e1tu alebo ich zadr\u017eiavania<\/li>\n\n\n\n<li>zabezpe\u010di\u0165 okam\u017eit\u00fd n\u00e1vrat det\u00ed, ktor\u00e9 boli neopr\u00e1vnene premiestnen\u00e9 do niektor\u00e9ho \u0161t\u00e1tu alebo s\u00fa v \u0148om zadr\u017eiavan\u00e9, a<\/li>\n\n\n\n<li>zabezpe\u010di\u0165, aby opatrovn\u00edcke pr\u00e1va a pr\u00e1va styku pod\u013ea pr\u00e1vneho poriadku jedn\u00e9ho zmluvn\u00e9ho \u0161t\u00e1tu sa \u00fa\u010dinne dodr\u017eiavali v ostatn\u00fdch zmluvn\u00fdch \u0161t\u00e1toch.<\/li>\n<\/ul>\n\n\n\n<p class=\"wp-block-paragraph\">V r\u00e1mci medzin\u00e1rodn\u00fdch \u00fanosov Centrum poskytuje pomoc a s\u00fa\u010dinnos\u0165 v zmysle Haagskeho dohovoru o ob\u010dianskopr\u00e1vnych aspektoch medzin\u00e1rodn\u00fdch \u00fanosov det\u00ed z roku 1980 (\u010falej len \u201eHaagsky dohovor\u201c) \u017eiadate\u013eom a \u00fastredn\u00fdm org\u00e1nom v pr\u00edpadoch, ke\u010f je die\u0165a neopr\u00e1vnene premiestnen\u00e9 alebo zadr\u017eiavan\u00e9 v cudzine, pri\u010dom krajinou jeho obvykl\u00e9ho pobytu bola Slovensk\u00e1 republika a naopak, ke\u010f je die\u0165a neopr\u00e1vnene premiestnen\u00e9 alebo zadr\u017eiavan\u00e9 v Slovenskej republike, pri\u010dom krajinou jeho obvykl\u00e9ho pobytu bol in\u00fd \u0161t\u00e1t, ktor\u00fd je signat\u00e1rom Haagskeho dohovoru.<\/p>\n\n\n\n<p class=\"wp-block-paragraph\"><strong>Kto sa m\u00f4\u017ee na Centrum obr\u00e1ti\u0165:<\/strong><\/p>\n\n\n\n<ul class=\"wp-block-list\">\n<li>rodi\u010d alebo in\u00e1 fyzick\u00e1 alebo pr\u00e1vnick\u00e1 osoba, ktorej opatrovn\u00edcke pr\u00e1va boli \u00fanosom die\u0165a\u0165a poru\u0161en\u00e9.<\/li>\n<\/ul>\n\n\n\n<p class=\"wp-block-paragraph\"><strong>V ak\u00fdch situ\u00e1ci\u00e1ch V\u00e1m m\u00f4\u017eeme pom\u00f4c\u0165?<\/strong> Napr\u00edklad:<\/p>\n\n\n\n<ul class=\"wp-block-list\">\n<li>do\u0161lo k rodi\u010dovsk\u00e9mu \u00fanosu<\/li>\n\n\n\n<li>va\u0161e die\u0165a sa nevr\u00e1tilo zo zahrani\u010dia (napr. z dovolenky) s druh\u00fdm rodi\u010dom tak, ako bolo dohodnut\u00e9<\/li>\n\n\n\n<li>chcete sa s die\u0165a\u0165om pres\u0165ahova\u0165 do in\u00e9ho \u0161t\u00e1tu<\/li>\n\n\n\n<li>neviete, \u010di potrebujete s\u00fahlas druh\u00e9ho rodi\u010da na cestu do zahrani\u010dia<\/li>\n<\/ul>\n\n\n\n<p class=\"wp-block-paragraph\">Predpokladom \u00faspe\u0161nej spolupr\u00e1ce vo veciach medzin\u00e1rodn\u00fdch \u00fanosov det\u00ed je prist\u00fapenie dotknutej krajiny k Haagskemu dohovoru.<\/p>\n\n\n\n<p class=\"wp-block-paragraph\"><strong>Ako to prebieha?<\/strong><\/p>\n\n\n\n<p class=\"wp-block-paragraph\">Rodi\u010d, ktor\u00e9ho die\u0165a bolo neopr\u00e1vnene premiestnen\u00e9 alebo zadr\u017ean\u00e9 v cudzine, sa m\u00f4\u017ee dom\u00e1ha\u0165 n\u00e1vratu die\u0165a\u0165a prostredn\u00edctvom Centra, alebo sa m\u00f4\u017ee obr\u00e1ti\u0165 priamo na s\u00fad alebo \u00fastredn\u00fd org\u00e1n \u0161t\u00e1tu, do ktor\u00e9ho bolo die\u0165a neopr\u00e1vnene premiestnen\u00e9.<\/p>\n\n\n\n<p class=\"wp-block-paragraph\">O n\u00e1vrate die\u0165a\u0165a do \u0161t\u00e1tu obvykl\u00e9ho pobytu rozhoduje v\u017edy org\u00e1n \u0161t\u00e1tu, do ktor\u00e9ho bolo die\u0165a premiestnen\u00e9, resp. v ktorom je neopr\u00e1vnene zadr\u017eiavan\u00e9. Je teda potrebn\u00e9 po\u010d\u00edta\u0165 s t\u00fdm, \u017ee s\u00fadne konanie bude prebieha\u0165 v zahrani\u010d\u00ed bez oh\u013eadu na \u0161t\u00e1tne ob\u010dianstvo die\u0165a\u0165a. Rozhodnutie s\u00fadu o navr\u00e1ten\u00ed die\u0165a\u0165a znamen\u00e1 povinnos\u0165 navr\u00e1ti\u0165 die\u0165a do krajiny jeho obvykl\u00e9ho pobytu, nie v\u0161ak povinnos\u0165 navr\u00e1ti\u0165 die\u0165a do p\u00f4vodnej dom\u00e1cnosti, pr\u00edpadne do starostlivosti druh\u00e9ho rodi\u010da. Rovnako je d\u00f4le\u017eit\u00e9 uvies\u0165, \u017ee s\u00fady danej krajiny v n\u00e1vratovom konan\u00ed nerozhoduj\u00fa o rodi\u010dovsk\u00fdch pr\u00e1vach a povinnostiach, napr. o tom, kto m\u00e1 ma\u0165 die\u0165a v starostlivosti. O tom m\u00f4\u017ee n\u00e1sledne po n\u00e1vrate die\u0165a\u0165a rozhodova\u0165 pr\u00edslu\u0161n\u00fd s\u00fad \u0161t\u00e1tu obvykl\u00e9ho pobytu die\u0165a\u0165a.<\/p>\n\n\n\n<p class=\"wp-block-paragraph\">Centrum vystupuje v s\u00falade s pr\u00e1vnymi aktami Eur\u00f3pskej \u00fanie a Haagskym dohovorom ako do\u017eaduj\u00faci (requesting) alebo do\u017eiadan\u00fd (requested) \u00fastredn\u00fd org\u00e1n, ktor\u00fd odosiela \u017eiados\u0165 o vr\u00e1tenie die\u0165a\u0165a do\u017eiadan\u00e9mu \u00fastredn\u00e9mu org\u00e1nu do \u0161t\u00e1tu, kam bolo die\u0165a protipr\u00e1vne premiestnen\u00e9, alebo kde bolo zadr\u017ean\u00e9 alebo v opa\u010dnom pr\u00edpade prij\u00edma \u017eiados\u0165 o n\u00e1vrat die\u0165a\u0165a do \u0161t\u00e1tu odkia\u013e bolo die\u0165a premiestnen\u00e9. \u00dalohou Centra ako \u00fastredn\u00e9ho org\u00e1nu je napom\u00e1ha\u0165 jednotlivcom pri uplat\u0148ovan\u00ed ich individu\u00e1lnych pr\u00e1v. Centrum ako \u00fastredn\u00fd org\u00e1n s\u00e1m o sebe neprij\u00edma \u017eiadne rozhodnutia v medzin\u00e1rodn\u00fdch sporoch. T\u00fato zodpovednos\u0165 maj\u00fa v\u00fdlu\u010dne s\u00fady a org\u00e1ny, ktor\u00e9 s\u00fa v danej veci pr\u00edslu\u0161n\u00e9.<\/p>\n\n\n\n<p class=\"wp-block-paragraph\">Centrum \u017eiadate\u013eovi pom\u00e1ha skompletizova\u0165 \u017eiados\u0165, potrebn\u00e9 formul\u00e1re a doklady, ktor\u00e9 post\u00fapi partnersk\u00e9mu \u00fastredn\u00e9mu org\u00e1nu v zahrani\u010d\u00ed. Od zahrani\u010dn\u00e9ho partnersk\u00e9ho org\u00e1nu centrum n\u00e1sledne zis\u0165uje inform\u00e1cie, \u010di sa die\u0165a s druh\u00fdm rodi\u010dom na \u00fazem\u00ed tohto \u0161t\u00e1tu naozaj nach\u00e1dza, na ktorom s\u00fade treba poda\u0165 n\u00e1vrh na n\u00e1vrat die\u0165a\u0165a, ak\u00e9 s\u00fa mo\u017enosti bezplatnej pr\u00e1vnej pomoci (pr\u00e1vneho zast\u00fapenia v s\u00fadnom konan\u00ed o n\u00e1vrate), pr\u00edpadne ak\u00e9 s\u00fa mo\u017enosti mimos\u00fadneho rie\u0161enia situ\u00e1cie a pod. Z\u00edskan\u00e9 inform\u00e1cie ozn\u00e1mi \u017eiadate\u013eovi. Upozor\u0148ujeme, \u017ee kvalita spolupr\u00e1ce a mo\u017enos\u0165 zaistenia n\u00e1vratu die\u0165a\u0165a sa l\u00ed\u0161i v z\u00e1vislosti od konkr\u00e9tneho \u0161t\u00e1tu. Rovnako sa l\u00ed\u0161i aj d\u013a\u017eka konania, mo\u017enosti podania odvolania proti rozhodnutiu o (ne) nariaden\u00ed n\u00e1vratu a odkladn\u00fd \u00fa\u010dinok podan\u00e9ho odvolania.<\/p>\n\n\n\n<p class=\"wp-block-paragraph\">Situ\u00e1cia je zlo\u017eitej\u0161ia v pr\u00edpadoch, ke\u010f neexistuje medzin\u00e1rodn\u00e1 dohoda o rie\u0161en\u00ed tak\u00fdchto ot\u00e1zok medzi Slovenskou republikou a \u0161t\u00e1tom, v ktorom sa die\u0165a nach\u00e1dza. Jedinou mo\u017enos\u0165ou je potom zvy\u010dajne po\u017eiada\u0165 o pomoc zastupite\u013esk\u00fd \u00farad Slovenskej republiky v danom \u0161t\u00e1te alebo org\u00e1ny alebo s\u00fady dan\u00e9ho \u0161t\u00e1tu a v pr\u00edpade potreby na tento \u00fa\u010del vyu\u017ei\u0165 pr\u00e1vneho z\u00e1stupcu akreditovan\u00e9ho vykon\u00e1va\u0165 zastupovanie v danej krajine. Treba ma\u0165 na pam\u00e4ti, \u017ee obsah cudzieho pr\u00e1va, ako aj forma s\u00fadneho alebo \u00faradn\u00e9ho konania sa m\u00f4\u017eu zna\u010dne l\u00ed\u0161i\u0165 od konania na \u00fazem\u00ed Slovenskej republiky.<\/p>\n\n\n\n<p class=\"wp-block-paragraph\"><strong>Kedy spravidla nie je mo\u017en\u00e9 zaisti\u0165 n\u00e1vrat?<\/strong><\/p>\n\n\n\n<ul class=\"wp-block-list\">\n<li>ak m\u00e1 die\u0165a viac ako 16 rokov<\/li>\n\n\n\n<li>ak \u017eiadate\u013e o n\u00e1vrat die\u0165a\u0165a nevykon\u00e1val svoje opatrovn\u00edcke pr\u00e1vo;<\/li>\n\n\n\n<li>ak sa \u017eiadate\u013e s pres\u0165ahovan\u00edm zmieril;<\/li>\n\n\n\n<li>ak od neopr\u00e1vnen\u00e9ho premiestnenia\/zadr\u017eania die\u0165a\u0165a v cudzine uplynula doba dlh\u0161ia ako jeden rok; N\u00e1vrh na nariadenie n\u00e1vratu die\u0165a\u0165a by sa mal poda\u0165 na pr\u00edslu\u0161n\u00fd s\u00fad v krajine, kam bolo die\u0165a premiestnen\u00e9, \u010do najsk\u00f4r. Je vhodn\u00e9 poda\u0165 n\u00e1vrh do jedn\u00e9ho roka od premiestnenia die\u0165a\u0165a. Predpoklad\u00e1 sa toti\u017e, \u017ee po uplynut\u00ed tohto obdobia sa u\u017e die\u0165a s nov\u00fdm prostred\u00edm z\u017eilo.<\/li>\n\n\n\n<li>ak existuje v\u00e1\u017ene nebezpe\u010denstvo, \u017ee n\u00e1vrat by die\u0165a vystavil fyzickej alebo du\u0161evnej ujme alebo ho inak priviedol do neznesite\u013enej situ\u00e1cie;<\/li>\n\n\n\n<li>ak die\u0165a nes\u00fahlas\u00ed s n\u00e1vratom (ak dosiahlo vek a stupe\u0148 vyspelosti, v ktorom je vhodn\u00e9 zoh\u013eadni\u0165 jeho n\u00e1zory).<\/li>\n<\/ul>\n\n\n\n<p class=\"wp-block-paragraph\"><strong>S\u00favisiaca legislat\u00edva:<\/strong><\/p>\n\n\n\n<ul class=\"wp-block-list\">\n<li>Nariadenie Rady (E\u00da) 2019\/1111 z 25. j\u00fana 2019 o pr\u00e1vomoci a uzn\u00e1van\u00ed a v\u00fdkone rozhodnut\u00ed v man\u017eelsk\u00fdch veciach a vo veciach rodi\u010dovsk\u00fdch pr\u00e1v a povinnost\u00ed a o medzin\u00e1rodn\u00fdch \u00fanosoch det\u00ed (prepracovan\u00e9 znenie)<\/li>\n\n\n\n<li>Dohovor o ob\u010dianskopr\u00e1vnych aspektoch medzin\u00e1rodn\u00fdch \u00fanosov det\u00ed. (ozn\u00e1menie \u010d. 119\/2001 Z.z.), prijat\u00fd v Haagu 25. okt\u00f3bra 1980<\/li>\n\n\n\n<li>Dohovor o pr\u00e1vomoci, rozhodnom pr\u00e1ve, uzn\u00e1van\u00ed a v\u00fdkone a spolupr\u00e1ci v oblasti rodi\u010dovsk\u00fdch pr\u00e1v a povinnost\u00ed a opatren\u00ed na ochranu die\u0165a\u0165a z roku 1996 (ozn\u00e1menie \u010d. 344\/2002 Z. z.).<\/li>\n\n\n\n<li>Eur\u00f3psky dohovor o uzn\u00e1van\u00ed a v\u00fdkone rozhodnut\u00ed t\u00fdkaj\u00facich sa starostlivosti o deti a o obnove starostlivosti o deti z 20. m\u00e1ja 1980<\/li>\n<\/ul>\n\n\n\n<p class=\"wp-block-paragraph\"><strong>\u017diados\u0165 o&nbsp;n\u00e1vrat<\/strong><\/p>\n\n\n\n<ul class=\"wp-block-list\">\n<li><a href=\"\/wp-content\/uploads\/2023\/11\/Ziadost-o-navrat_SVK.pdf\">SK &#8211; \u017diados\u0165 na navr\u00e1tenie (PDF, 564 KB)<\/a><\/li>\n\n\n\n<li><a href=\"https:\/\/cipc.gov.sk\/wp-content\/uploads\/2023\/11\/Ziadost-o-navrat_ENG.pdf\" data-type=\"attachment\" data-id=\"260\">EN &#8211; Request for Return (PDF, 483 KB, angli\u010ditna)<\/a><\/li>\n\n\n\n<li><a href=\"https:\/\/cipc.gov.sk\/wp-content\/uploads\/2023\/11\/Ziadost-o-navrat_DE.pdf\" data-type=\"attachment\" data-id=\"259\">DE &#8211; Antrag auf R\u00fcckgabe (PDF, 8 KB, nem\u010dina)<\/a><\/li>\n\n\n\n<li><a href=\"https:\/\/cipc.gov.sk\/wp-content\/uploads\/2023\/11\/Ziadost-o-navrat_FR.pdf\" data-type=\"attachment\" data-id=\"261\">FR &#8211; Requ\u00eate en vue du retour (PDF, 481 KB, franc\u00faz\u0161tina)<\/a><\/li>\n\n\n\n<li><a href=\"https:\/\/cipc.gov.sk\/wp-content\/uploads\/2023\/11\/Ziadost-o-navrat-_PL.pdf\" data-type=\"attachment\" data-id=\"258\">PL &#8211; Wniosek o wydanie dziecka (PDF, 555 KB, po\u013e\u0161tina)<\/a><\/li>\n\n\n\n<li><a href=\"https:\/\/cipc.gov.sk\/wp-content\/uploads\/2023\/11\/Ziadost-o-navrat_HU.pdf\" data-type=\"attachment\" data-id=\"262\">HU &#8211; A jogellenesen k\u00fclf\u00f6ldre vitt gyermekek visszaad\u00e1s\u00e1ra ir\u00e1nyul\u00f3 k\u00e9relem (PDF, 553 KB, ma\u010far\u010dina)<\/a><\/li>\n<\/ul>\n\n\n\n<p class=\"wp-block-paragraph\"><\/p>\n","protected":false},"excerpt":{"rendered":"<p>Pres\u0165ahovanie sa s die\u0165a\u0165om do zahrani\u010diaNeopr\u00e1vnen\u00e9 premiestnenie alebo zadr\u017eanie die\u0165a\u0165a v zahrani\u010d\u00ed (tzv. rodi\u010dovsk\u00fd \u00fanos) Zmena bydliska die\u0165a\u0165a je v\u00fdznamnou z\u00e1le\u017eitos\u0165ou, na ktorej sa musia obaja rodi\u010dia zhodn\u00fa\u0165, a to bez oh\u013eadu na to, \u010di s\u00fa man\u017eelmi, rozveden\u00ed, \u017eij\u00fa spolo\u010dne alebo oddelene. Dokonca ani v pr\u00edpade, ak je die\u0165a vo v\u00fdlu\u010dnej starostlivosti jedn\u00e9ho z rodi\u010dov, nem\u00e1 tento rodi\u010d pr\u00e1vo bez s\u00fahlasu druh\u00e9ho rodi\u010da zmeni\u0165 bydlisko die\u0165a\u0165a (ani v r\u00e1mci Slovenskej republiky, ani do zahrani\u010dia). Ak sa rodi\u010dia nevedia dohodn\u00fa\u0165, rozhodne na n\u00e1vrh niektor\u00e9ho z nich s\u00fad. Premiestnenie det\u00ed do inej krajiny, ktor\u00e1 je \u010dasto domovskou krajinou \u201erodi\u010da \u00fanoscu\u201c, ako aj protipr\u00e1vne&#8230;<\/p>\n","protected":false},"author":1,"featured_media":0,"parent":0,"menu_order":0,"comment_status":"closed","ping_status":"closed","template":"","meta":{"_crdt_document":"","footnotes":""},"class_list":["post-22","page","type-page","status-publish","hentry"],"_links":{"self":[{"href":"https:\/\/cipc.gov.sk\/index.php\/wp-json\/wp\/v2\/pages\/22","targetHints":{"allow":["GET"]}}],"collection":[{"href":"https:\/\/cipc.gov.sk\/index.php\/wp-json\/wp\/v2\/pages"}],"about":[{"href":"https:\/\/cipc.gov.sk\/index.php\/wp-json\/wp\/v2\/types\/page"}],"author":[{"embeddable":true,"href":"https:\/\/cipc.gov.sk\/index.php\/wp-json\/wp\/v2\/users\/1"}],"replies":[{"embeddable":true,"href":"https:\/\/cipc.gov.sk\/index.php\/wp-json\/wp\/v2\/comments?post=22"}],"version-history":[{"count":14,"href":"https:\/\/cipc.gov.sk\/index.php\/wp-json\/wp\/v2\/pages\/22\/revisions"}],"predecessor-version":[{"id":966,"href":"https:\/\/cipc.gov.sk\/index.php\/wp-json\/wp\/v2\/pages\/22\/revisions\/966"}],"wp:attachment":[{"href":"https:\/\/cipc.gov.sk\/index.php\/wp-json\/wp\/v2\/media?parent=22"}],"curies":[{"name":"wp","href":"https:\/\/api.w.org\/{rel}","templated":true}]}}