{"id":31,"date":"2023-03-30T16:53:27","date_gmt":"2023-03-30T14:53:27","guid":{"rendered":"https:\/\/cipc.gov.sk\/cipcidsk\/?page_id=31"},"modified":"2023-12-06T13:55:34","modified_gmt":"2023-12-06T12:55:34","slug":"osvojenia","status":"publish","type":"page","link":"https:\/\/cipc.gov.sk\/index.php\/osvojenia\/","title":{"rendered":"Osvojenia"},"content":{"rendered":"\n<p class=\"has-text-align-left wp-block-paragraph\">Sprostredkovanie medzi\u0161t\u00e1tneho osvojenia je \u010dastokr\u00e1t poslednou mo\u017enos\u0165ou ako die\u0165a\u0165u zabezpe\u010di\u0165 v\u00fdvin v zdravom rodinnom prostred\u00ed. Proces medzi\u0161t\u00e1tneho osvojenia je ve\u013emi zlo\u017eit\u00fd a form\u00e1lny proces, ktor\u00e9ho cie\u013eom je chr\u00e1ni\u0165 a zabezpe\u010di\u0165 najlep\u0161\u00ed z\u00e1ujem die\u0165a\u0165a. Dohovor o ochrane det\u00ed a spolupr\u00e1ci pri medzi\u0161t\u00e1tnych osvojeniach zo d\u0148a 29. m\u00e1ja 1993 (\u010falej len \u201eDohovor o osvojeniach\u201c) stanovuje z\u00e1kladn\u00e9 pravidl\u00e1 tohto procesu. Jeho konkr\u00e9tne podmienky sa n\u00e1sledne l\u00ed\u0161ia v z\u00e1vislosti od pr\u00e1vnych \u00faprav v \u0161t\u00e1toch, ktor\u00e9 s\u00fa do procesu zapojen\u00e9.<\/p>\n\n\n\n<p class=\"wp-block-paragraph\">N\u00e1hradn\u00e1 rodinn\u00e1 starostlivos\u0165 formou medzi\u0161t\u00e1tneho osvojenia sa realizuje na z\u00e1klade z\u00e1sady princ\u00edpu subsidiarity a princ\u00edpu najlep\u0161ieho z\u00e1ujmu die\u0165a\u0165a.<\/p>\n\n\n\n<p class=\"wp-block-paragraph\">V s\u00fa\u010dasnej dobe prebieha sprostredkovanie medzi\u0161t\u00e1tneho osvojenia v pr\u00edpade \u017eiadate\u013eov zo zahrani\u010dia o osvojenie det\u00ed s&nbsp;obvykl\u00fdm pobytom v&nbsp;Slovenskej republike. Slovensk\u00e1 republika ako krajina p\u00f4vodu die\u0165a\u0165a spolupracuje v\u00fdlu\u010dne so \u0161t\u00e1tmi, ktor\u00e9 s\u00fa signat\u00e1rmi Dohovoru o osvojeniach, a&nbsp;ktor\u00e9 uzatvorili tzv. protokol o&nbsp;spolupr\u00e1ci, ktor\u00fd bli\u017e\u0161ie \u0161pecifikuje administrat\u00edvny postup a&nbsp;povinnosti jednotliv\u00fdch subjektov zapojen\u00fdch do procesu medzi\u0161t\u00e1tneho osvojenia. Centrum neust\u00e1le komunikuje s partnersk\u00fdmi org\u00e1nmi za \u00fa\u010delom skvalitnenia spolupr\u00e1ce a sprostredkovania samotn\u00e9ho osvojenia.<\/p>\n\n\n\n<p class=\"wp-block-paragraph\">Centrum sa sna\u017e\u00ed o&nbsp;to, aby sa Slovensk\u00e1 republika stala aj akt\u00edvnou prij\u00edmaj\u00facou krajinou, a&nbsp;teda, aby si \u017eiadatelia s&nbsp;obvykl\u00fdm pobytom v&nbsp;Slovenskej republike mohli osvoji\u0165 deti zo zahrani\u010dia. Centrum neust\u00e1le akt\u00edvne h\u013ead\u00e1 mo\u017enosti nadviazania spolupr\u00e1ce s&nbsp;krajinami p\u00f4vodu die\u0165a\u0165a.<\/p>\n","protected":false},"excerpt":{"rendered":"<p>Sprostredkovanie medzi\u0161t\u00e1tneho osvojenia je \u010dastokr\u00e1t poslednou mo\u017enos\u0165ou ako die\u0165a\u0165u zabezpe\u010di\u0165 v\u00fdvin v zdravom rodinnom prostred\u00ed. Proces medzi\u0161t\u00e1tneho osvojenia je ve\u013emi zlo\u017eit\u00fd a form\u00e1lny proces, ktor\u00e9ho cie\u013eom je chr\u00e1ni\u0165 a zabezpe\u010di\u0165 najlep\u0161\u00ed z\u00e1ujem die\u0165a\u0165a. Dohovor o ochrane det\u00ed a spolupr\u00e1ci pri medzi\u0161t\u00e1tnych osvojeniach zo d\u0148a 29. m\u00e1ja 1993 (\u010falej len \u201eDohovor o osvojeniach\u201c) stanovuje z\u00e1kladn\u00e9 pravidl\u00e1 tohto procesu. Jeho konkr\u00e9tne podmienky sa n\u00e1sledne l\u00ed\u0161ia v z\u00e1vislosti od pr\u00e1vnych \u00faprav v \u0161t\u00e1toch, ktor\u00e9 s\u00fa do procesu zapojen\u00e9. N\u00e1hradn\u00e1 rodinn\u00e1 starostlivos\u0165 formou medzi\u0161t\u00e1tneho osvojenia sa realizuje na z\u00e1klade z\u00e1sady princ\u00edpu subsidiarity a princ\u00edpu najlep\u0161ieho z\u00e1ujmu die\u0165a\u0165a. V s\u00fa\u010dasnej dobe prebieha sprostredkovanie medzi\u0161t\u00e1tneho osvojenia v&#8230;<\/p>\n","protected":false},"author":1,"featured_media":0,"parent":0,"menu_order":0,"comment_status":"closed","ping_status":"closed","template":"","meta":{"_crdt_document":"","footnotes":""},"class_list":["post-31","page","type-page","status-publish","hentry"],"_links":{"self":[{"href":"https:\/\/cipc.gov.sk\/index.php\/wp-json\/wp\/v2\/pages\/31","targetHints":{"allow":["GET"]}}],"collection":[{"href":"https:\/\/cipc.gov.sk\/index.php\/wp-json\/wp\/v2\/pages"}],"about":[{"href":"https:\/\/cipc.gov.sk\/index.php\/wp-json\/wp\/v2\/types\/page"}],"author":[{"embeddable":true,"href":"https:\/\/cipc.gov.sk\/index.php\/wp-json\/wp\/v2\/users\/1"}],"replies":[{"embeddable":true,"href":"https:\/\/cipc.gov.sk\/index.php\/wp-json\/wp\/v2\/comments?post=31"}],"version-history":[{"count":3,"href":"https:\/\/cipc.gov.sk\/index.php\/wp-json\/wp\/v2\/pages\/31\/revisions"}],"predecessor-version":[{"id":189,"href":"https:\/\/cipc.gov.sk\/index.php\/wp-json\/wp\/v2\/pages\/31\/revisions\/189"}],"wp:attachment":[{"href":"https:\/\/cipc.gov.sk\/index.php\/wp-json\/wp\/v2\/media?parent=31"}],"curies":[{"name":"wp","href":"https:\/\/api.w.org\/{rel}","templated":true}]}}