{"id":34,"date":"2023-03-30T16:53:48","date_gmt":"2023-03-30T14:53:48","guid":{"rendered":"https:\/\/cipc.gov.sk\/cipcidsk\/?page_id=34"},"modified":"2024-06-25T17:08:33","modified_gmt":"2024-06-25T15:08:33","slug":"kontakt","status":"publish","type":"page","link":"https:\/\/cipc.gov.sk\/index.php\/kontakt\/","title":{"rendered":"Kontakt"},"content":{"rendered":"\n<h2 class=\"wp-block-heading\">Kore\u0161ponden\u010dn\u00e1 adresa<\/h2>\n\n\n\n<p class=\"wp-block-paragraph\">Centrum pre medzin\u00e1rodnopr\u00e1vnu ochranu det\u00ed a ml\u00e1de\u017ee<\/p>\n\n\n\n<p class=\"wp-block-paragraph\">\u0160pit\u00e1lska 8<\/p>\n\n\n\n<p class=\"wp-block-paragraph\">P. O. Box 57<\/p>\n\n\n\n<p class=\"wp-block-paragraph\">814 99 Bratislava<\/p>\n\n\n\n<p class=\"wp-block-paragraph\">Slovensk\u00e1 Republika<\/p>\n\n\n\n<p class=\"wp-block-paragraph\"><strong>Telef\u00f3n:<\/strong>&nbsp;+421 2 204 58 200 \/ +421 2 204 58 201<\/p>\n\n\n\n<p class=\"wp-block-paragraph\"><strong>E-mail:<\/strong>&nbsp;info@cipc.gov.sk<\/p>\n\n\n\n<p class=\"wp-block-paragraph\"><strong>Kontakt pre GDPR:<\/strong> zodpovedna.osoba@cipc.gov.sk<\/p>\n\n\n\n<p class=\"wp-block-paragraph\"><\/p>\n\n\n\n<h2 class=\"wp-block-heading\">Adresa<img loading=\"lazy\" decoding=\"async\" width=\"390\" height=\"293\" class=\"wp-image-490\" style=\"width: 390px;\" align=\"right\" src=\"https:\/\/cipc.gov.sk\/wp-content\/uploads\/2024\/02\/cipc-vstup.jpg\" title=\"CIPC Vstup\" srcset=\"https:\/\/cipc.gov.sk\/wp-content\/uploads\/2024\/02\/cipc-vstup.jpg 800w, https:\/\/cipc.gov.sk\/wp-content\/uploads\/2024\/02\/cipc-vstup-300x225.jpg 300w, https:\/\/cipc.gov.sk\/wp-content\/uploads\/2024\/02\/cipc-vstup-768x576.jpg 768w\" sizes=\"auto, (max-width: 390px) 100vw, 390px\" \/><\/h2>\n\n\n\n<p class=\"wp-block-paragraph\">\u0160pit\u00e1lska 25 \u2013 27 <\/p>\n\n\n\n<p class=\"wp-block-paragraph\">(oproti budove Ministerstva)<\/p>\n\n\n\n<p class=\"wp-block-paragraph\"><\/p>\n\n\n\n<h2 class=\"wp-block-heading\">\u00daradn\u00e9 hodiny<\/h2>\n\n\n\n<p class=\"wp-block-paragraph\">pondelok \u2013 \u0161tvrtok 8:00 \u2013 16:00 hod.<\/p>\n\n\n\n<p class=\"wp-block-paragraph\">piatok 8:00 \u2013 15:00 hod.<\/p>\n","protected":false},"excerpt":{"rendered":"<p>Kore\u0161ponden\u010dn\u00e1 adresa Centrum pre medzin\u00e1rodnopr\u00e1vnu ochranu det\u00ed a ml\u00e1de\u017ee \u0160pit\u00e1lska 8 P. O. Box 57 814 99 Bratislava Slovensk\u00e1 Republika Telef\u00f3n:&nbsp;+421 2 204 58 200 \/ +421 2 204 58 201 E-mail:&nbsp;info@cipc.gov.sk Kontakt pre GDPR: zodpovedna.osoba@cipc.gov.sk Adresa \u0160pit\u00e1lska 25 \u2013 27 (oproti budove Ministerstva) \u00daradn\u00e9 hodiny pondelok \u2013 \u0161tvrtok 8:00 \u2013 16:00 hod. piatok 8:00 \u2013 15:00 hod.<\/p>\n","protected":false},"author":1,"featured_media":0,"parent":0,"menu_order":0,"comment_status":"closed","ping_status":"closed","template":"","meta":{"_crdt_document":"","footnotes":""},"class_list":["post-34","page","type-page","status-publish","hentry"],"_links":{"self":[{"href":"https:\/\/cipc.gov.sk\/index.php\/wp-json\/wp\/v2\/pages\/34","targetHints":{"allow":["GET"]}}],"collection":[{"href":"https:\/\/cipc.gov.sk\/index.php\/wp-json\/wp\/v2\/pages"}],"about":[{"href":"https:\/\/cipc.gov.sk\/index.php\/wp-json\/wp\/v2\/types\/page"}],"author":[{"embeddable":true,"href":"https:\/\/cipc.gov.sk\/index.php\/wp-json\/wp\/v2\/users\/1"}],"replies":[{"embeddable":true,"href":"https:\/\/cipc.gov.sk\/index.php\/wp-json\/wp\/v2\/comments?post=34"}],"version-history":[{"count":34,"href":"https:\/\/cipc.gov.sk\/index.php\/wp-json\/wp\/v2\/pages\/34\/revisions"}],"predecessor-version":[{"id":775,"href":"https:\/\/cipc.gov.sk\/index.php\/wp-json\/wp\/v2\/pages\/34\/revisions\/775"}],"wp:attachment":[{"href":"https:\/\/cipc.gov.sk\/index.php\/wp-json\/wp\/v2\/media?parent=34"}],"curies":[{"name":"wp","href":"https:\/\/api.w.org\/{rel}","templated":true}]}}