{"id":59,"date":"2023-03-31T11:07:22","date_gmt":"2023-03-31T09:07:22","guid":{"rendered":"https:\/\/cipc.gov.sk\/cipcidsk\/?page_id=59"},"modified":"2026-02-16T15:16:02","modified_gmt":"2026-02-16T14:16:02","slug":"vyrocne-spravy","status":"publish","type":"page","link":"https:\/\/cipc.gov.sk\/index.php\/o-nas\/vyrocne-spravy\/","title":{"rendered":"V\u00fdro\u010dn\u00e9 spr\u00e1vy"},"content":{"rendered":"\n<h2 class=\"wp-block-heading\">V\u00fdro\u010dn\u00e9 spr\u00e1vy<\/h2>\n\n\n\n<p class=\"wp-block-paragraph\"><\/p>\n\n\n\n<ul class=\"wp-block-list\">\n<li><a href=\"https:\/\/cipc.gov.sk\/wp-content\/uploads\/2025\/04\/vyrocna-sprava-2024.pdf\">V\u00fdro\u010dn\u00e1 spr\u00e1va 2024 (PDF, 1,29 MB)<\/a><\/li>\n\n\n\n<li><a href=\"https:\/\/cipc.gov.sk\/wp-content\/uploads\/2024\/04\/Vyrocna-sprava-2023.pdf\">V\u00fdro\u010dn\u00e1 spr\u00e1va 2023 (PDF, 1,49 MB)<\/a><\/li>\n\n\n\n<li><a href=\"https:\/\/cipc.gov.sk\/wp-content\/uploads\/2024\/02\/vyrocna-sprava-CIPC-2022.pdf\" data-type=\"attachment\" data-id=\"556\">V\u00fdro\u010dn\u00e1 spr\u00e1va 2022 (PDF, 1,11 MB)<\/a> <\/li>\n\n\n\n<li><a href=\"https:\/\/cipc.gov.sk\/wp-content\/uploads\/2024\/02\/vyrocna-sprava-CIPC-2021.pdf\" data-type=\"attachment\" data-id=\"557\">V\u00fdro\u010dn\u00e1 spr\u00e1va 2021 (PDF, 1,92 MB)<\/a><\/li>\n\n\n\n<li><a href=\"https:\/\/cipc.gov.sk\/wp-content\/uploads\/2024\/02\/vyrocna-sprava-CIPC-2020.pdf\" data-type=\"attachment\" data-id=\"558\">V\u00fdro\u010dn\u00e1 spr\u00e1va 2020 (PDF, 1,01 MB)<\/a> <\/li>\n<\/ul>\n\n\n\n<p class=\"wp-block-paragraph\"><\/p>\n","protected":false},"excerpt":{"rendered":"<p>V\u00fdro\u010dn\u00e9 spr\u00e1vy<\/p>\n","protected":false},"author":1,"featured_media":0,"parent":16,"menu_order":2,"comment_status":"closed","ping_status":"closed","template":"","meta":{"_crdt_document":"","footnotes":""},"class_list":["post-59","page","type-page","status-publish","hentry"],"_links":{"self":[{"href":"https:\/\/cipc.gov.sk\/index.php\/wp-json\/wp\/v2\/pages\/59","targetHints":{"allow":["GET"]}}],"collection":[{"href":"https:\/\/cipc.gov.sk\/index.php\/wp-json\/wp\/v2\/pages"}],"about":[{"href":"https:\/\/cipc.gov.sk\/index.php\/wp-json\/wp\/v2\/types\/page"}],"author":[{"embeddable":true,"href":"https:\/\/cipc.gov.sk\/index.php\/wp-json\/wp\/v2\/users\/1"}],"replies":[{"embeddable":true,"href":"https:\/\/cipc.gov.sk\/index.php\/wp-json\/wp\/v2\/comments?post=59"}],"version-history":[{"count":12,"href":"https:\/\/cipc.gov.sk\/index.php\/wp-json\/wp\/v2\/pages\/59\/revisions"}],"predecessor-version":[{"id":956,"href":"https:\/\/cipc.gov.sk\/index.php\/wp-json\/wp\/v2\/pages\/59\/revisions\/956"}],"up":[{"embeddable":true,"href":"https:\/\/cipc.gov.sk\/index.php\/wp-json\/wp\/v2\/pages\/16"}],"wp:attachment":[{"href":"https:\/\/cipc.gov.sk\/index.php\/wp-json\/wp\/v2\/media?parent=59"}],"curies":[{"name":"wp","href":"https:\/\/api.w.org\/{rel}","templated":true}]}}