{"id":7,"date":"2024-01-12T18:36:46","date_gmt":"2024-01-12T17:36:46","guid":{"rendered":"https:\/\/cipc.gov.sk\/cipcidsk\/?page_id=7"},"modified":"2024-01-12T18:57:18","modified_gmt":"2024-01-12T17:57:18","slug":"satisfaction-survey","status":"publish","type":"page","link":"https:\/\/cipc.gov.sk\/index.php\/satisfaction-survey\/","title":{"rendered":"Na\u0161li ste na str\u00e1nke chybu?"},"content":{"rendered":"<h3 class=\"govuk-heading-x\">Pom\u00f4\u017ete n\u00e1m zlep\u0161i\u0165 webov\u00fa str\u00e1nku<\/h3>\n<p>Nezad\u00e1vajte \u017eiadne osobn\u00e9 \u00fadaje (meno, kontaktn\u00e9 \u00fadaje at\u010f.).<\/p>\n<p>[contact-form-7 id=&#8220;844cbb5&#8243; title=&#8220;Formul\u00e1r &#8211; Na\u0161li ste na str\u00e1nke chybu?&#8220;]<\/p>\n","protected":false},"excerpt":{"rendered":"<p>Pom\u00f4\u017ete n\u00e1m zlep\u0161i\u0165 webov\u00fa str\u00e1nku Nezad\u00e1vajte \u017eiadne osobn\u00e9 \u00fadaje (meno, kontaktn\u00e9 \u00fadaje at\u010f.). [contact-form-7 id=&#8220;844cbb5&#8243; title=&#8220;Formul\u00e1r &#8211; Na\u0161li ste na str\u00e1nke chybu?&#8220;]<\/p>\n","protected":false},"author":1,"featured_media":0,"parent":0,"menu_order":0,"comment_status":"closed","ping_status":"closed","template":"","meta":{"_crdt_document":"","footnotes":""},"class_list":["post-7","page","type-page","status-publish","hentry"],"_links":{"self":[{"href":"https:\/\/cipc.gov.sk\/index.php\/wp-json\/wp\/v2\/pages\/7","targetHints":{"allow":["GET"]}}],"collection":[{"href":"https:\/\/cipc.gov.sk\/index.php\/wp-json\/wp\/v2\/pages"}],"about":[{"href":"https:\/\/cipc.gov.sk\/index.php\/wp-json\/wp\/v2\/types\/page"}],"author":[{"embeddable":true,"href":"https:\/\/cipc.gov.sk\/index.php\/wp-json\/wp\/v2\/users\/1"}],"replies":[{"embeddable":true,"href":"https:\/\/cipc.gov.sk\/index.php\/wp-json\/wp\/v2\/comments?post=7"}],"version-history":[{"count":3,"href":"https:\/\/cipc.gov.sk\/index.php\/wp-json\/wp\/v2\/pages\/7\/revisions"}],"predecessor-version":[{"id":457,"href":"https:\/\/cipc.gov.sk\/index.php\/wp-json\/wp\/v2\/pages\/7\/revisions\/457"}],"wp:attachment":[{"href":"https:\/\/cipc.gov.sk\/index.php\/wp-json\/wp\/v2\/media?parent=7"}],"curies":[{"name":"wp","href":"https:\/\/api.w.org\/{rel}","templated":true}]}}