{"id":78,"date":"2023-03-31T11:19:35","date_gmt":"2023-03-31T09:19:35","guid":{"rendered":"https:\/\/cipc.gov.sk\/cipcidsk\/?page_id=78"},"modified":"2026-03-09T14:20:35","modified_gmt":"2026-03-09T13:20:35","slug":"hospodarenie-uradu","status":"publish","type":"page","link":"https:\/\/cipc.gov.sk\/index.php\/o-nas\/hospodarenie-uradu\/","title":{"rendered":"Hospod\u00e1renie \u00faradu"},"content":{"rendered":"\n<p class=\"wp-block-paragraph\">Centrum pre medzin\u00e1rodnopr\u00e1vnu ochranu det\u00ed a ml\u00e1de\u017ee (\u010falej len \u201eCentrum\u201c) je rozpo\u010dtov\u00e1 organiz\u00e1cia zapojen\u00e1 finan\u010dn\u00fdmi vz\u0165ahmi na rozpo\u010det rozpo\u010dtovej kapitoly Ministerstva pr\u00e1ce soci\u00e1lnych vec\u00ed a&nbsp;rodiny Slovenskej republiky. Na svojej internetovej str\u00e1nke zverej\u0148ujeme alebo spr\u00edstup\u0148ujeme fakt\u00fary, objedn\u00e1vky, zmluvy a \u010fal\u0161ie materi\u00e1ly t\u00fdkaj\u00face sa ekonomickej a prev\u00e1dzkovej \u010dinnosti Centra.<\/p>\n\n\n\n<p class=\"wp-block-paragraph\">Pri hospod\u00e1ren\u00ed sa Centrum riadi z\u00e1konom \u010d. 523\/2004 Z. z. o rozpo\u010dtov\u00fdch pravidl\u00e1ch verejnej spr\u00e1vy a o zmene a doplnen\u00ed niektor\u00fdch z\u00e1konov v znen\u00ed neskor\u0161\u00edch predpisov a \u010fal\u0161ou legislat\u00edvou upravuj\u00facou hospod\u00e1renie rozpo\u010dtov\u00fdch organiz\u00e1ci\u00ed. Pri nakladan\u00ed s majetkom \u0161t\u00e1tu postupuje Centrum v zmysle z\u00e1kona \u010d. 278\/1993 Z. z. o spr\u00e1ve majetku \u0161t\u00e1tu v znen\u00ed neskor\u0161\u00edch predpisov.<\/p>\n\n\n\n<p class=\"wp-block-paragraph\"><strong>Fakt\u00fary<\/strong><\/p>\n\n\n\n<ul class=\"wp-block-list\">\n<li><a href=\"https:\/\/cipc.gov.sk\/wp-content\/uploads\/2026\/03\/Faktury-2026.pdf\">Fakt\u00fary za rok 2026 (PDF, 230 KB)<\/a><\/li>\n\n\n\n<li><a href=\"https:\/\/cipc.gov.sk\/wp-content\/uploads\/2025\/01\/faktury-2025.pdf\">Fakt\u00fary za rok 2025 (PDF, 244 KB)<\/a><\/li>\n\n\n\n<li><a href=\"https:\/\/cipc.gov.sk\/wp-content\/uploads\/2024\/02\/faktury-2024.pdf\" data-type=\"attachment\" data-id=\"591\">Fakt\u00fary za rok 2024 (PDF, 246 KB)<\/a><\/li>\n\n\n\n<li><a href=\"https:\/\/cipc.gov.sk\/wp-content\/uploads\/2024\/02\/faktury-2023.pdf\" data-type=\"attachment\" data-id=\"508\">Fakt\u00fary za rok 2023 (PDF, 249 KB)<\/a><\/li>\n\n\n\n<li><a href=\"https:\/\/cipc.gov.sk\/wp-content\/uploads\/2024\/02\/faktury-2022.pdf\" data-type=\"attachment\" data-id=\"510\">Fakt\u00fary za rok 2022 (PDF, 431 KB)<\/a><\/li>\n\n\n\n<li><a href=\"https:\/\/cipc.gov.sk\/wp-content\/uploads\/2024\/02\/faktury-2021.pdf\" data-type=\"attachment\" data-id=\"509\">Fakt\u00fary za rok 2021 (PDF, 496 KB)<\/a><\/li>\n\n\n\n<li><a href=\"https:\/\/cipc.gov.sk\/wp-content\/uploads\/2024\/02\/faktury-2020.pdf\" data-type=\"attachment\" data-id=\"501\">Fakt\u00fary za rok 2020 (PDF, 457 KB)<\/a><\/li>\n<\/ul>\n\n\n\n<p class=\"wp-block-paragraph\">zverej\u0148ovan\u00e9 pravidelne v mesa\u010dn\u00fdch intervaloch<\/p>\n\n\n\n<p class=\"wp-block-paragraph\"><\/p>\n\n\n\n<p class=\"wp-block-paragraph\"><strong>Objedn\u00e1vky<\/strong><\/p>\n\n\n\n<p class=\"wp-block-paragraph\"><\/p>\n\n\n\n<p class=\"wp-block-paragraph\">zverej\u0148ovan\u00e9 pravidelne v mesa\u010dn\u00fdch intervaloch<\/p>\n\n\n\n<p class=\"wp-block-paragraph\"><\/p>\n\n\n\n<ul class=\"wp-block-list\">\n<li><a href=\"https:\/\/cipc.gov.sk\/wp-content\/uploads\/2026\/03\/Objednavky-2026.pdf\">Objedn\u00e1vky za rok 2026 (PDF, 406 KB)<\/a><\/li>\n\n\n\n<li><a href=\"https:\/\/cipc.gov.sk\/wp-content\/uploads\/2025\/01\/Objednavky-2025.pdf\">Objedn\u00e1vky za rok 2025 (PDF, 418 KB)<\/a><\/li>\n\n\n\n<li><a href=\"https:\/\/cipc.gov.sk\/wp-content\/uploads\/2024\/02\/objednavky-2024.pdf\">Objedn\u00e1vky za rok 2024 (PDF, 424 KB)<\/a><\/li>\n\n\n\n<li><a href=\"https:\/\/cipc.gov.sk\/wp-content\/uploads\/2024\/02\/objednavky-2023.pdf\">Objedn\u00e1vky za rok 2023 (PDF, 424 KB)<\/a><\/li>\n\n\n\n<li><a href=\"https:\/\/cipc.gov.sk\/wp-content\/uploads\/2024\/02\/objednavky-2022.pdf\">Objedn\u00e1vky za rok 2022 (PDF, 421 KB)<\/a><\/li>\n\n\n\n<li><a href=\"https:\/\/cipc.gov.sk\/wp-content\/uploads\/2024\/02\/objednavky-2021.pdf\">Objedn\u00e1vky za rok 2021 (PDF, 424 KB)<\/a><\/li>\n\n\n\n<li><a href=\"https:\/\/cipc.gov.sk\/wp-content\/uploads\/2024\/02\/objednavky-2020.pdf\">Objedn\u00e1vky za rok 2020 (PDF, 441 KB)<\/a><\/li>\n<\/ul>\n\n\n\n<p class=\"wp-block-paragraph\"><strong>Zmluvy<\/strong><\/p>\n\n\n\n<p class=\"wp-block-paragraph\">zverejnen\u00e9 na <a href=\"https:\/\/www.crz.gov.sk\">Centr\u00e1lnom registri zml\u00fav (www.crz.gov.sk)<\/a><\/p>\n","protected":false},"excerpt":{"rendered":"<p>Centrum pre medzin\u00e1rodnopr\u00e1vnu ochranu det\u00ed a ml\u00e1de\u017ee (\u010falej len \u201eCentrum\u201c) je rozpo\u010dtov\u00e1 organiz\u00e1cia zapojen\u00e1 finan\u010dn\u00fdmi vz\u0165ahmi na rozpo\u010det rozpo\u010dtovej kapitoly Ministerstva pr\u00e1ce soci\u00e1lnych vec\u00ed a&nbsp;rodiny Slovenskej republiky. Na svojej internetovej str\u00e1nke zverej\u0148ujeme alebo spr\u00edstup\u0148ujeme fakt\u00fary, objedn\u00e1vky, zmluvy a \u010fal\u0161ie materi\u00e1ly t\u00fdkaj\u00face sa ekonomickej a prev\u00e1dzkovej \u010dinnosti Centra. Pri hospod\u00e1ren\u00ed sa Centrum riadi z\u00e1konom \u010d. 523\/2004 Z. z. o rozpo\u010dtov\u00fdch pravidl\u00e1ch verejnej spr\u00e1vy a o zmene a doplnen\u00ed niektor\u00fdch z\u00e1konov v znen\u00ed neskor\u0161\u00edch predpisov a \u010fal\u0161ou legislat\u00edvou upravuj\u00facou hospod\u00e1renie rozpo\u010dtov\u00fdch organiz\u00e1ci\u00ed. Pri nakladan\u00ed s majetkom \u0161t\u00e1tu postupuje Centrum v zmysle z\u00e1kona \u010d. 278\/1993 Z. z. o spr\u00e1ve majetku \u0161t\u00e1tu v znen\u00ed neskor\u0161\u00edch&#8230;<\/p>\n","protected":false},"author":1,"featured_media":0,"parent":16,"menu_order":4,"comment_status":"closed","ping_status":"closed","template":"","meta":{"_crdt_document":"","footnotes":""},"class_list":["post-78","page","type-page","status-publish","hentry"],"_links":{"self":[{"href":"https:\/\/cipc.gov.sk\/index.php\/wp-json\/wp\/v2\/pages\/78","targetHints":{"allow":["GET"]}}],"collection":[{"href":"https:\/\/cipc.gov.sk\/index.php\/wp-json\/wp\/v2\/pages"}],"about":[{"href":"https:\/\/cipc.gov.sk\/index.php\/wp-json\/wp\/v2\/types\/page"}],"author":[{"embeddable":true,"href":"https:\/\/cipc.gov.sk\/index.php\/wp-json\/wp\/v2\/users\/1"}],"replies":[{"embeddable":true,"href":"https:\/\/cipc.gov.sk\/index.php\/wp-json\/wp\/v2\/comments?post=78"}],"version-history":[{"count":18,"href":"https:\/\/cipc.gov.sk\/index.php\/wp-json\/wp\/v2\/pages\/78\/revisions"}],"predecessor-version":[{"id":985,"href":"https:\/\/cipc.gov.sk\/index.php\/wp-json\/wp\/v2\/pages\/78\/revisions\/985"}],"up":[{"embeddable":true,"href":"https:\/\/cipc.gov.sk\/index.php\/wp-json\/wp\/v2\/pages\/16"}],"wp:attachment":[{"href":"https:\/\/cipc.gov.sk\/index.php\/wp-json\/wp\/v2\/media?parent=78"}],"curies":[{"name":"wp","href":"https:\/\/api.w.org\/{rel}","templated":true}]}}