{"id":80,"date":"2023-03-31T11:20:40","date_gmt":"2023-03-31T09:20:40","guid":{"rendered":"https:\/\/cipc.gov.sk\/cipcidsk\/?page_id=80"},"modified":"2023-12-06T15:48:56","modified_gmt":"2023-12-06T14:48:56","slug":"povinne-zverejnovane-informacie","status":"publish","type":"page","link":"https:\/\/cipc.gov.sk\/index.php\/o-nas\/povinne-zverejnovane-informacie\/","title":{"rendered":"Povinne zverej\u0148ovan\u00e9 inform\u00e1cie"},"content":{"rendered":"\n<p><strong>Inform\u00e1cie v&nbsp;zmysle z\u00e1kona \u010d. 211\/2000 Z. z. o&nbsp;slobodnom pr\u00edstupe k&nbsp;inform\u00e1ci\u00e1m<\/strong><\/p>\n\n<p>&nbsp;<\/p>\n\n<p><strong>Z\u00e1kon \u010d. 211\/2000 Z. z.<\/strong><strong>&nbsp;o slobodnom pr\u00edstupe k inform\u00e1ci\u00e1m v znen\u00ed neskor\u0161\u00edch predpisov (\u010falej &bdquo;z\u00e1kon o pr\u00edstupe k inform\u00e1ci\u00e1m&ldquo;) upravuje podmienky, postup a rozsah slobodn\u00e9ho pr\u00edstupu k inform\u00e1ci\u00e1m. Pod\u013ea &sect; 3 ods. 1 s\u00fa to inform\u00e1cie,&nbsp;ktor\u00e9 m\u00e1 povinn\u00e1 osoba k dispoz\u00edcii.<\/strong><\/p>\n\n<p>&nbsp;<\/p>\n\n<p><strong>Pod\u013ea &sect; 5 ods. 1 z\u00e1kona o slobodnom&nbsp;pr\u00edstupe k&nbsp;inform\u00e1ci\u00e1m Centrum pre medzin\u00e1rodnopr\u00e1vnu ochranu det\u00ed a ml\u00e1de\u017ee (\u010falej len &bdquo;Centrum&ldquo;) povinne zverej\u0148uje nasledovn\u00e9 inform\u00e1cie:<\/strong><\/p>\n\n<p>&nbsp;<\/p>\n\n<p><strong>a) sp\u00f4sob zriadenia povinnej osoby, jej pr\u00e1vomoci a kompetencie a popis organiza\u010dnej \u0161trukt\u00fary<\/strong><\/p>\n\n<p>&nbsp;<\/p>\n\n<p>Centrum je org\u00e1n \u0161t\u00e1tnej spr\u00e1vy s p\u00f4sobnos\u0165ou na \u00fazem\u00ed Slovenskej republiky. Centrum zriadilo Ministerstvo pr\u00e1ce, soci\u00e1lnych vec\u00ed a rodiny Slovenskej republiky ako svoju priamo riaden\u00fa rozpo\u010dtov\u00fa organiz\u00e1ciu na zabezpe\u010denie a poskytovanie pr\u00e1vnej ochrany det\u00ed a ml\u00e1de\u017ee vo vz\u0165ahu k cudzine rozhodnut\u00edm s \u00fa\u010dinnos\u0165ou od 1.2.1993.<\/p>\n\n<p>&nbsp;<\/p>\n\n<p>P\u00f4sobnos\u0165, pr\u00e1vomoci a kompetencie Centra vymedzuje z\u00e1kon \u010d. 305\/2005 Z. z. o soci\u00e1lnopr\u00e1vnej ochrane det\u00ed a o soci\u00e1lnej kuratele a o zmene a doplnen\u00ed niektor\u00fdch z\u00e1konov v&nbsp;znen\u00ed neskor\u0161\u00edch predpisov.<\/p>\n\n<p>&nbsp;<\/p>\n\n<p>Centrum pln\u00ed \u00falohy org\u00e1nu ur\u010den\u00e9ho na vykon\u00e1vanie medzin\u00e1rodn\u00fdch dohovorov a pr\u00e1vnych aktov Eur\u00f3pskej \u00fanie, a to:<\/p>\n\n<p>&nbsp;<\/p>\n\n<ul>\n\t<li>pln\u00ed \u00falohy prij\u00edmaj\u00faceho org\u00e1nu a odosielaj\u00faceho org\u00e1nu v oblasti vym\u00e1hanie v\u00fd\u017eivn\u00e9ho pod\u013ea medzin\u00e1rodn\u00fdch dohovorov,<\/li>\n\t<li>pln\u00ed \u00falohy \u00fastredn\u00e9ho org\u00e1nu v oblasti medzin\u00e1rodn\u00fdch \u00fanosov det\u00ed pod\u013ea medzin\u00e1rodn\u00fdch dohovorov a pr\u00e1vnych aktov Eur\u00f3pskej \u00fanie,<\/li>\n\t<li>vyd\u00e1va osved\u010denie pod\u013ea medzin\u00e1rodn\u00e9ho dohovoru,<\/li>\n\t<li>pln\u00ed \u010fal\u0161ie \u00falohy v oblasti soci\u00e1lnopr\u00e1vnej ochrany det\u00ed vo vz\u0165ahu k cudzine pod\u013ea osobitn\u00fdch predpisov,<\/li>\n\t<li>spolupracuje s prij\u00edmaj\u00facimi org\u00e1nmi a odosielaj\u00facimi org\u00e1nmi zmluvn\u00fdch \u0161t\u00e1tov v cudzine, s \u00fastredn\u00fdmi org\u00e1nmi zmluvn\u00fdch \u0161t\u00e1tov v cudzine, zastupite\u013esk\u00fdmi \u00faradmi, \u00fastredn\u00fdmi org\u00e1nmi \u0161t\u00e1tnej spr\u00e1vy, bankami, pobo\u010dkami zahrani\u010dn\u00fdch b\u00e1nk, org\u00e1nmi miestnej \u0161t\u00e1tnej spr\u00e1vy, org\u00e1nmi \u00fazemnej samospr\u00e1vy a s akreditovan\u00fdmi subjektmi.<\/li>\n\t<li>rozhoduje vo veci\n\t<ul style=\"list-style-type:circle;\">\n\t\t<li>zap\u00edsania fyzickej osoby, ktor\u00e1 m\u00e1 z\u00e1ujem o sprostredkovanie medzi\u0161t\u00e1tneho osvojenia, do zoznamu \u017eiadate\u013eov o osvojenie die\u0165a\u0165a, ktor\u00e9 nem\u00e1 na \u00fazem\u00ed Slovenskej republiky obvykl\u00fd pobyt,<\/li>\n\t\t<li>vyradenia \u017eiadate\u013ea zo zoznamu pod\u013ea prv\u00e9ho bodu,<\/li>\n\t<\/ul>\n\t<\/li>\n\t<li>vedie zoznam \u017eiadate\u013eov o osvojenie die\u0165a\u0165a, ktor\u00e9 nem\u00e1 na \u00fazem\u00ed Slovenskej republiky obvykl\u00fd pobyt.<\/li>\n<\/ul>\n\n<p>&nbsp;<\/p>\n\n<p>Za chod a riadenie Centra zodpoved\u00e1 riadite\u013e Centra, ktor\u00e9ho vymen\u00fava a&nbsp;odvol\u00e1va minister pr\u00e1ce, soci\u00e1lnych vec\u00ed a&nbsp;rodiny Slovenskej republiky. Organiza\u010dn\u00fdm \u00fatvarom v Centre je oddelenie, oddelenie riadi ved\u00faci oddelenia.<\/p>\n\n<p>&nbsp;<\/p>\n\n<ul>\n\t<li>oddelenie pr\u00e1vnych slu\u017eieb a psychologick\u00e9ho poradenstva komplexne zabezpe\u010duje vykon\u00e1vanie odbornej agendy a plnenie \u00faloh zveren\u00fdch do kompetencie Centra na z\u00e1klade v\u0161eobecne z\u00e1v\u00e4zn\u00fdch pr\u00e1vnych predpisov, najm\u00e4 z\u00e1kona \u010d. 305\/2005 Z. z. o soci\u00e1lnopr\u00e1vnej ochrane det\u00ed a soci\u00e1lnej kuratele a zmene a doplnen\u00ed niektor\u00fdch z\u00e1konov v znen\u00ed neskor\u0161\u00edch predpisov, pr\u00e1vnych aktov Eur\u00f3pskej \u00fanie a medzin\u00e1rodn\u00fdch dohovorov.<\/li>\n\t<li>oddelenie ekonomiky a administrat\u00edvy pln\u00ed v\u0161etky \u00falohy spojen\u00e9 s ekonomick\u00fdm, person\u00e1lno-mzdov\u00fdm a administrat\u00edvnym zabezpe\u010den\u00edm Centra, db\u00e1 na hospod\u00e1rne a \u00fa\u010deln\u00e9 vynakladanie rozpo\u010dtov\u00fdch prostriedkov a kontroluje ich \u010derpanie. Oddelenie ekonomiky a administrat\u00edvy zabezpe\u010duje agendu transferov v\u00fd\u017eivn\u00e9ho a&nbsp;komplexne vykon\u00e1va \u010dinnosti spisovej slu\u017eby v Centre pod\u013ea smernice Centra na spr\u00e1vu registrat\u00fary automatizovan\u00fdm sp\u00f4sobom. Vykon\u00e1va tie\u017e agendu podate\u013ene, administrat\u00edvnu agendu a organiza\u010dn\u00e9 a operat\u00edvne \u010dinnosti pre plynul\u00fd chod Centra.<\/li>\n<\/ul>\n\n<p>&nbsp;<\/p>\n\n<p><strong>b) miesto, \u010das a sp\u00f4sob, ak\u00fdm mo\u017eno z\u00edskava\u0165 inform\u00e1cie; inform\u00e1cie o tom kde mo\u017eno poda\u0165 \u017eiados\u0165, n\u00e1vrh, podnet, s\u0165a\u017enos\u0165 alebo in\u00e9 podanie<\/strong><\/p>\n\n<p>&nbsp;<\/p>\n\n<p>V\u0161etky p\u00edsomn\u00e9 podania (\u017eiadosti, n\u00e1vrhy, podnety, s\u0165a\u017enosti, alebo ak\u00e9ko\u013evek in\u00e9 podania) prij\u00edma Centrum:<\/p>\n\n<p>&nbsp;<\/p>\n\n<ul>\n\t<li>p\u00edsomne a&nbsp;to:\n\t<ul>\n\t\t<li>v&nbsp;tla\u010denej podobe na po\u0161tov\u00fa adresu s\u00eddla Centra &ndash; \u0160pit\u00e1lska 8, P.O.BOX 57, 814 99 Bratislava<\/li>\n\t\t<li>elektronickou po\u0161tou na&nbsp;<a href=\"mailto:info@cipc.gov.sk\">info@cipc.gov.sk<\/a>&nbsp;alebo<\/li>\n\t\t<li>prostredn\u00edctvom \u00dastredn\u00e9ho port\u00e1lu verejnej spr\u00e1vy&nbsp;<a href=\"http:\/\/www.slovensko.sk\/\">www.slovensko.sk<\/a>,<\/li>\n\t<\/ul>\n\t<\/li>\n\t<li>\u00fastne po\u010das pracovn\u00fdch dn\u00ed po\u010das \u00faradn\u00fdch hod\u00edn a&nbsp;to:<\/li>\n<\/ul>\n\n<p style=\"margin-left:106.5pt;\">o&nbsp;&nbsp;&nbsp;osobne na adrese \u0160pit\u00e1lska 25-27, 814 99 Bratislava<\/p>\n\n<p style=\"margin-left:106.5pt;\">o&nbsp;&nbsp;&nbsp;telefonicky na \u010d\u00edsle: 02\/20458200<\/p>\n\n<p><br \/>\nV\u0161etky podania musia sp\u013a\u0148a\u0165 formu a obsahova\u0165 n\u00e1le\u017eitosti pod\u013ea pr\u00edslu\u0161n\u00fdch pr\u00e1vnych predpisov.<\/p>\n\n<p>&nbsp;<\/p>\n\n<p><strong>c) miesto, lehota a&nbsp;sp\u00f4sob podania opravn\u00e9ho prostriedku a mo\u017enosti s\u00fadneho presk\u00famania rozhodnutia povinnej osoby vr\u00e1tane v\u00fdslovn\u00e9ho uvedenia po\u017eiadaviek, ktor\u00e9 musia by\u0165 splnen\u00e9<\/strong><\/p>\n\n<p>&nbsp;<\/p>\n\n<ul>\n\t<li>miesto podania opravn\u00e9ho prostriedku &#8211; Odvolanie mo\u017eno poda\u0165 na adresu: \u0160pit\u00e1lska 8, P.O.BOX 57, 814 99 Bratislava<\/li>\n\t<li>lehota podania opravn\u00e9ho prostriedku &#8211; Proti rozhodnutiu Centra mo\u017eno poda\u0165 odvolanie v lehote 15 dn\u00ed od doru\u010denia rozhodnutia. Odvolanie sa pod\u00e1va osobe, ktor\u00e1 rozhodnutie vydala.<\/li>\n\t<li>sp\u00f4sob podania opravn\u00e9ho prostriedku &#8211; Odvolanie sa pod\u00e1va p\u00edsomne v listinnej podobe alebo prostredn\u00edctvom elektronickej schr\u00e1nky alebo \u00fastne do z\u00e1pisnice.<\/li>\n\t<li>mo\u017enosti s\u00fadneho presk\u00famania rozhodnutia &#8211; Rozhodnutie je po vy\u010derpan\u00ed riadnych opravn\u00fdch prostriedkov presk\u00famate\u013en\u00e9 s\u00fadom.<\/li>\n\t<li>po\u017eiadavky, ktor\u00e9 musia by\u0165 splnen\u00e9 &#8211; Nie s\u00fa stanoven\u00e9.<\/li>\n<\/ul>\n\n<p>&nbsp;<\/p>\n\n<p><strong>d) postup, ktor\u00fd mus\u00ed povinn\u00e1 osoba dodr\u017eiava\u0165 pri vybavovan\u00ed v\u0161etk\u00fdch \u017eiadost\u00ed, n\u00e1vrhov a in\u00fdch podan\u00ed, vr\u00e1tane pr\u00edslu\u0161n\u00fdch leh\u00f4t, ktor\u00e9 je nutn\u00e9 dodr\u017ea\u0165<\/strong><\/p>\n\n<p>&nbsp;<\/p>\n\n<p>Centrum ka\u017ed\u00e9 podanie, ktor\u00e9 prijme, zaeviduje a n\u00e1sledne pos\u00fadi jeho obsah. Po pos\u00faden\u00ed obsahu podania rozhodne o \u010fal\u0161om postupe pri jeho vybavovan\u00ed. Centrum postupuje pri vybavovan\u00ed \u017eiadost\u00ed a podan\u00ed v s\u00falade s&nbsp;pr\u00edslu\u0161n\u00fdmi pr\u00e1vnymi aktami Eur\u00f3pskej \u00fanie, medzin\u00e1rodn\u00fdmi dohovormi pr\u00edpadne so z\u00e1konom \u010d. 71\/1967 Zb. o spr\u00e1vnom konan\u00ed (spr\u00e1vny poriadok) v znen\u00ed neskor\u0161\u00edch predpisov, ako aj v s\u00falade s osobitn\u00fdmi predpismi.<\/p>\n\n<p>&nbsp;<\/p>\n\n<ul>\n\t<li>centrum pri vybavovan\u00ed podan\u00ed dodr\u017eiava lehoty stanoven\u00e9 platnou (vn\u00fatro\u0161t\u00e1tnou a&nbsp;medzin\u00e1rodnou) pr\u00e1vnou \u00fapravou. V jednoduch\u00fdch veciach, najm\u00e4 ak mo\u017eno kona\u0165 len na z\u00e1klade doru\u010den\u00e9ho podania, Centrum kon\u00e1 bezodkladne. V ostatn\u00fdch veciach kon\u00e1 Centrum spravidla do 30 dn\u00ed odo d\u0148a doru\u010denia podania.<\/li>\n\t<li>lehota na vybavenie \u017eiadosti o spr\u00edstupnenie inform\u00e1ci\u00ed je do 8 pracovn\u00fdch dn\u00ed; v z\u00e1va\u017en\u00fdch pr\u00edpadoch je mo\u017en\u00e9 pred\u013a\u017ei\u0165 lehotu o \u010fal\u0161\u00edch 8, resp. 15 pracovn\u00fdch dn\u00ed. (&sect; 17 ods. 1 a 2 z\u00e1kona \u010d. 211\/2000 Z. z.)<\/li>\n\t<li>lehota na vybavenie s\u0165a\u017enosti je 60 pracovn\u00fdch dn\u00ed. Ak je s\u0165a\u017enos\u0165 n\u00e1ro\u010dn\u00e1 na pre\u0161etrenie, m\u00f4\u017ee by\u0165 lehota na vybavenie s\u0165a\u017enosti, pred jej uplynut\u00edm, pred\u013a\u017een\u00e1 o 30 pracovn\u00fdch dn\u00ed. (&sect; 13 ods. 1 a 2 z\u00e1kona \u010d. 9\/2010 Z. z.)<\/li>\n\t<li>lehota na vybavenie pet\u00edcie je 30 pracovn\u00fdch dn\u00ed od doru\u010denia pet\u00edcie alebo od odstr\u00e1nenia jej nedostatkov. Vo zvl\u00e1\u0161\u0165 zlo\u017eit\u00fdch pr\u00edpadoch sa pet\u00edcia vybav\u00ed v lehote najnesk\u00f4r do 60 pracovn\u00fdch dn\u00ed. (&sect; 5 ods. 5 z\u00e1kona \u010d. 85\/1990 Zb.)<\/li>\n\t<li>lehota na poskytnutie inform\u00e1cie dotknutej osobe o opatreniach, ktor\u00e9 sa prijali na z\u00e1klade jej \u017eiadosti pod\u013ea &sect; 21 a\u017e 28 z\u00e1kona \u010d. 18\/2018 Z. z. o ochrane osobn\u00fdch \u00fadajov a o zmene a doplnen\u00ed niektor\u00fdch z\u00e1konov v znen\u00ed neskor\u0161\u00edch predpisov je jeden mesiac od doru\u010denia \u017eiadosti; uveden\u00e1 lehota m\u00f4\u017ee by\u0165 v od\u00f4vodnen\u00fdch pr\u00edpadoch s oh\u013eadom na komplexnos\u0165 a po\u010det \u017eiadost\u00ed pred\u013a\u017een\u00e1 o \u010fal\u0161ie dva mesiace, a to aj opakovane. (&sect; 29 ods. 3 z\u00e1kona \u010d. 18\/2018 Z. z. o ochrane osobn\u00fdch \u00fadajov a o zmene a doplnen\u00ed niektor\u00fdch z\u00e1konov v znen\u00ed neskor\u0161\u00edch predpisov)<\/li>\n<\/ul>\n\n<p>&nbsp;<\/p>\n\n<p><strong>e) preh\u013ead predpisov, pokynov, in\u0161trukci\u00ed, v\u00fdkladov\u00fdch stanov\u00edsk, pod\u013ea ktor\u00fdch povinn\u00e1 osoba kon\u00e1 a rozhoduje alebo ktor\u00e9 upravuj\u00fa pr\u00e1va a povinnosti fyzick\u00fdch os\u00f4b a pr\u00e1vnick\u00fdch os\u00f4b vo vz\u0165ahu k povinnej osobe<\/strong><\/p>\n\n<p>&nbsp;<\/p>\n\n<p>Najd\u00f4le\u017eitej\u0161ie pr\u00e1vne predpisy, ktor\u00fdmi sa riadi Centrum pri svojej \u010dinnosti, s\u00fa najm\u00e4:<\/p>\n\n<p>&nbsp;<\/p>\n\n<p style=\"margin-left:36pt;\">&#8211;&nbsp;&nbsp;&nbsp;&nbsp;&nbsp;&nbsp;&nbsp;\u00fastavn\u00fd z\u00e1kon \u010d. 460\/1992 Zb. \u00dastava Slovenskej republiky,<\/p>\n\n<p style=\"margin-left:36pt;\">&#8211;&nbsp;&nbsp;&nbsp;&nbsp;&nbsp;&nbsp;&nbsp;\u00fastavn\u00fd z\u00e1kon \u010d. 357\/2004 Z. z. o ochrane verejn\u00e9ho z\u00e1ujmu pri v\u00fdkone funkci\u00ed verejn\u00fdch funkcion\u00e1rov v znen\u00ed neskor\u0161\u00edch predpisov,<\/p>\n\n<p style=\"margin-left:36pt;\">&#8211;&nbsp;&nbsp;&nbsp;&nbsp;&nbsp;&nbsp;&nbsp;z\u00e1kon \u010d. 305\/2005 Z. z. o soci\u00e1lnopr\u00e1vnej ochrane det\u00ed a o soci\u00e1lnej kuratele a o zmene a doplnen\u00ed niektor\u00fdch z\u00e1konov v&nbsp;znen\u00ed neskor\u0161\u00edch predpisov,<\/p>\n\n<p style=\"margin-left:36pt;\">&#8211;&nbsp;&nbsp;&nbsp;&nbsp;&nbsp;&nbsp;&nbsp;z\u00e1kon \u010d. 97\/1963 Zb. o&nbsp;medzin\u00e1rodnom pr\u00e1ve s\u00fakromnom a&nbsp;procesnom v&nbsp;znen\u00ed neskor\u0161\u00edch predpisov,<\/p>\n\n<p style=\"margin-left:36pt;\">&#8211;&nbsp;&nbsp;&nbsp;&nbsp;&nbsp;&nbsp;&nbsp;nariadenie Rady (ES) \u010d. 4\/2009 z&nbsp;18. decembra 2008 o pr\u00e1vomoci, rozhodnom pr\u00e1ve, uzn\u00e1van\u00ed a v\u00fdkone rozhodnut\u00ed a o spolupr\u00e1ci vo veciach vy\u017eivovacej povinnosti,<\/p>\n\n<p style=\"margin-left:36pt;\">&#8211;&nbsp;&nbsp;&nbsp;&nbsp;&nbsp;&nbsp;&nbsp;nariadenie Rady (E\u00da) 2019\/1111 z 25. j\u00fana 2019 o pr\u00e1vomoci a uzn\u00e1van\u00ed a v\u00fdkone rozhodnut\u00ed v man\u017eelsk\u00fdch veciach a vo veciach rodi\u010dovsk\u00fdch pr\u00e1v a povinnost\u00ed a o medzin\u00e1rodn\u00fdch \u00fanosoch det\u00ed (prepracovan\u00e9 znenie),<\/p>\n\n<p style=\"margin-left:36pt;\">&#8211;&nbsp;&nbsp;&nbsp;&nbsp;&nbsp;&nbsp;&nbsp;dohovor o medzin\u00e1rodnom vym\u00e1han\u00ed v\u00fd\u017eivn\u00e9ho na deti a in\u00fdch \u010dlenov rodiny (Haag, 2007),<\/p>\n\n<p style=\"margin-left:36pt;\">&#8211;&nbsp;&nbsp;&nbsp;&nbsp;&nbsp;&nbsp;&nbsp;dohovor o vym\u00e1han\u00ed v\u00fd\u017eivn\u00e9ho v&nbsp;cudzine (New York, 1956),<\/p>\n\n<p style=\"margin-left:36pt;\">&#8211;&nbsp;&nbsp;&nbsp;&nbsp;&nbsp;&nbsp;&nbsp;dohovor o ob\u010dianskopr\u00e1vnych aspektoch medzin\u00e1rodn\u00fdch \u00fanosov det\u00ed (Haag, 1980),<\/p>\n\n<p style=\"margin-left:36pt;\">&#8211;&nbsp;&nbsp;&nbsp;&nbsp;&nbsp;&nbsp;&nbsp;dohovor o pr\u00e1vomoci, rozhodnom pr\u00e1ve, uzn\u00e1van\u00ed a v\u00fdkone a spolupr\u00e1ci v oblasti rodi\u010dovsk\u00fdch pr\u00e1v a povinnost\u00ed a opatren\u00ed na ochranu die\u0165a\u0165a (Haag, 1996),<\/p>\n\n<p style=\"margin-left:36pt;\">&#8211;&nbsp;&nbsp;&nbsp;&nbsp;&nbsp;&nbsp;&nbsp;bilater\u00e1lne zmluvy a form\u00e1lna reciprocita,<\/p>\n\n<p style=\"margin-left:36pt;\">&#8211;&nbsp;&nbsp;&nbsp;&nbsp;&nbsp;&nbsp;&nbsp;z\u00e1kon \u010d. 523\/2004 Z. z. o rozpo\u010dtov\u00fdch pravidl\u00e1ch verejnej spr\u00e1vy a o zmene a doplnen\u00ed niektor\u00fdch z\u00e1konov v znen\u00ed neskor\u0161\u00edch predpisov,<\/p>\n\n<p style=\"margin-left:36pt;\">&#8211;&nbsp;&nbsp;&nbsp;&nbsp;&nbsp;&nbsp;&nbsp;z\u00e1kon \u010d. 55\/2017 Z. z. o \u0161t\u00e1tnej slu\u017ebe a o zmene a doplnen\u00ed niektor\u00fdch z\u00e1konov,<\/p>\n\n<p style=\"margin-left:36pt;\">&#8211;&nbsp;&nbsp;&nbsp;&nbsp;&nbsp;&nbsp;&nbsp;z\u00e1kon \u010d. 211\/2000 Z. z. o slobodnom pr\u00edstupe k inform\u00e1ci\u00e1m a o zmene a doplnen\u00ed niektor\u00fdch z\u00e1konov (z\u00e1kon o slobode inform\u00e1ci\u00ed) v znen\u00ed neskor\u0161\u00edch predpisov,<\/p>\n\n<p style=\"margin-left:36pt;\">&#8211;&nbsp;&nbsp;&nbsp;&nbsp;&nbsp;&nbsp;&nbsp;nariadenie Eur\u00f3pskeho parlamentu a Rady 2016\/679 o ochrane fyzick\u00fdch os\u00f4b pri sprac\u00favan\u00ed osobn\u00fdch \u00fadajov a o vo\u013enom pohybe tak\u00fdchto \u00fadajov, ktor\u00fdm sa zru\u0161uje smernica 95\/46\/ES (v\u0161eobecn\u00e9 nariadenie o ochrane \u00fadajov),<\/p>\n\n<p style=\"margin-left:36pt;\">&#8211;&nbsp;&nbsp;&nbsp;&nbsp;&nbsp;&nbsp;&nbsp;z\u00e1kon \u010d. 18\/2018 Z. z. o ochrane osobn\u00fdch \u00fadajov a o zmene a doplnen\u00ed niektor\u00fdch z\u00e1konov v znen\u00ed neskor\u0161\u00edch predpisov,<\/p>\n\n<p style=\"margin-left:36pt;\">&#8211;&nbsp;&nbsp;&nbsp;&nbsp;&nbsp;&nbsp;&nbsp;z\u00e1kon \u010d. 9\/2010 Z. z. o s\u0165a\u017enostiach v znen\u00ed neskor\u0161\u00edch predpisov,<\/p>\n\n<p style=\"margin-left:36pt;\">&#8211;&nbsp;&nbsp;&nbsp;&nbsp;&nbsp;&nbsp;&nbsp;z\u00e1kon \u010d. 85\/1990 Zb. o peti\u010dnom pr\u00e1ve v znen\u00ed neskor\u0161\u00edch predpisov,<\/p>\n\n<p style=\"margin-left:36pt;\">&#8211;&nbsp;&nbsp;&nbsp;&nbsp;&nbsp;&nbsp;&nbsp;a \u010fal\u0161ie.<\/p>\n\n<p>&nbsp;<\/p>\n\n<p><strong>f) sadzobn\u00edk spr\u00e1vnych poplatkov, ktor\u00e9 povinn\u00e1 osoba vyber\u00e1 za spr\u00e1vne \u00fakony, a sadzobn\u00edk \u00fahrad za spr\u00edstup\u0148ovanie inform\u00e1ci\u00ed<\/strong><\/p>\n\n<p>&nbsp;<\/p>\n\n<p>Centrum pod\u013ea &sect; 5 ods. 1 p\u00edsm. f) z\u00e1kona&nbsp;o pr\u00edstupe k inform\u00e1ci\u00e1m&nbsp;zverej\u0148uje sadzobn\u00edk \u00fahrad za spr\u00edstupnenie inform\u00e1ci\u00ed:<\/p>\n\n<p>&nbsp;<\/p>\n\n<ol>\n\t<li>N\u00e1klady spojen\u00e9 s vyhotoven\u00edm k\u00f3pie inform\u00e1cie\n\t<ul>\n\t\t<li>0,02 EUR za vyhotovenie jednostrannej inform\u00e1cie form\u00e1tu A4,<\/li>\n\t\t<li>0,03 EUR za vyhotovenie obojstrannej inform\u00e1cie form\u00e1tu A4,<\/li>\n\t\t<li>0,04 EUR za vyhotovenie jednostrannej inform\u00e1cie form\u00e1tu A3,<\/li>\n\t\t<li>0,06 EUR za vyhotovenie obojstrannej inform\u00e1cie form\u00e1tu A3,<\/li>\n\t\t<li>0,40 EUR za jeden kus CD<\/li>\n\t<\/ul>\n\t<\/li>\n\t<li>Ob\u00e1lka\n\t<ul>\n\t\t<li>Form\u00e1t A6 &ndash; 0,02 EUR<\/li>\n\t\t<li>Form\u00e1t A5 &ndash; 0,03 EUR<\/li>\n\t\t<li>Form\u00e1t A4&nbsp;&nbsp; &ndash;&nbsp;&nbsp; 0,07 EUR<\/li>\n\t<\/ul>\n\t<\/li>\n\t<li>N\u00e1klady spojen\u00e9 s odoslan\u00edm inform\u00e1cie sa spravuj\u00fa aktu\u00e1lnym cenn\u00edkom po\u0161tov\u00fdch slu\u017eieb.<\/li>\n\t<li>Inform\u00e1cie zasielan\u00e9 e-mailom, faxom a telefonicky s\u00fa spr\u00edstup\u0148ovan\u00e9 bezodplatne<\/li>\n\t<li>\u017diadate\u013e uhrad\u00ed n\u00e1klady spojen\u00e9 so spracovan\u00edm inform\u00e1cie\n\t<ul>\n\t\t<li>bezhotovostne prevodom na \u00fa\u010det v banke s uveden\u00edm variabiln\u00e9ho symbolu,<\/li>\n\t\t<li>po\u0161tovou pouk\u00e1\u017ekou.<\/li>\n\t<\/ul>\n\t<\/li>\n\t<li>Bezplatne s\u00fa spr\u00edstup\u0148ovan\u00e9 inform\u00e1cie, v pr\u00edpade ktor\u00fdch n\u00e1klady spojen\u00e9 s vyhotoven\u00edm k\u00f3pie a odoslan\u00edm inform\u00e1cie neprekro\u010dia \u010diastku 6,64 EUR. \u017diadate\u013eovi, ktor\u00fd predlo\u017e\u00ed not\u00e1rom osved\u010den\u00fa k\u00f3piu preukazu ob\u010dana s \u0165a\u017ek\u00fdm zdravotn\u00fdm postihnut\u00edm, sa inform\u00e1cie poskytuj\u00fa bezplatne aj v pr\u00edpade, ak n\u00e1klady pod\u013ea predch\u00e1dzaj\u00facej vety prekro\u010dia sumu 6,64 EUR.<\/li>\n<\/ol>\n\n<p>&nbsp;<\/p>\n\n\n\n\t<div class=\"govuk-accordion\" data-module=\"idsk-accordion\" id=\"k1P6Fo7XfqyKACpHXH33c\">\n\t\t<div class=\"govuk-accordion__controls\">\n\t\t\t<button class=\"govuk-accordion__open-all\"\n\t\t\t\tdata-open-title=\"Otvori\u0165 v\u0161etky\"\n\t\t\t\tdata-close-title=\"Zatvori\u0165 v\u0161etky\"\n\t\t\t\ttype=\"button\"\n\t\t\t\taria-expanded=\"false\"\n\t\t\t>\n\t\t\t\t<span class=\"govuk-visually-hidden govuk-accordion__controls-span\" data-section-title=\"sekcie\"><\/span>\n\t\t\t<\/button>\n\t\t<\/div>\n\n\t\t\t<\/div>\n\n\t","protected":false},"excerpt":{"rendered":"<p>Inform\u00e1cie v&nbsp;zmysle z\u00e1kona \u010d. 211\/2000 Z. z. o&nbsp;slobodnom pr\u00edstupe k&nbsp;inform\u00e1ci\u00e1m &nbsp; Z\u00e1kon \u010d. 211\/2000 Z. z.&nbsp;o slobodnom pr\u00edstupe k inform\u00e1ci\u00e1m v znen\u00ed neskor\u0161\u00edch predpisov (\u010falej &bdquo;z\u00e1kon o pr\u00edstupe k inform\u00e1ci\u00e1m&ldquo;) upravuje podmienky, postup a rozsah slobodn\u00e9ho pr\u00edstupu k inform\u00e1ci\u00e1m. Pod\u013ea &sect; 3 ods. 1 s\u00fa to inform\u00e1cie,&nbsp;ktor\u00e9 m\u00e1 povinn\u00e1 osoba k dispoz\u00edcii. &nbsp; Pod\u013ea &sect; 5 ods. 1 z\u00e1kona o slobodnom&nbsp;pr\u00edstupe k&nbsp;inform\u00e1ci\u00e1m Centrum pre medzin\u00e1rodnopr\u00e1vnu ochranu det\u00ed a ml\u00e1de\u017ee (\u010falej len &bdquo;Centrum&ldquo;) povinne zverej\u0148uje nasledovn\u00e9 inform\u00e1cie: &nbsp; a) sp\u00f4sob zriadenia povinnej osoby, jej pr\u00e1vomoci a kompetencie a popis organiza\u010dnej \u0161trukt\u00fary &nbsp; Centrum je org\u00e1n \u0161t\u00e1tnej spr\u00e1vy s p\u00f4sobnos\u0165ou na \u00fazem\u00ed Slovenskej&#8230;<\/p>\n","protected":false},"author":1,"featured_media":0,"parent":16,"menu_order":5,"comment_status":"closed","ping_status":"closed","template":"","meta":{"_crdt_document":"","footnotes":""},"class_list":["post-80","page","type-page","status-publish","hentry"],"_links":{"self":[{"href":"https:\/\/cipc.gov.sk\/index.php\/wp-json\/wp\/v2\/pages\/80","targetHints":{"allow":["GET"]}}],"collection":[{"href":"https:\/\/cipc.gov.sk\/index.php\/wp-json\/wp\/v2\/pages"}],"about":[{"href":"https:\/\/cipc.gov.sk\/index.php\/wp-json\/wp\/v2\/types\/page"}],"author":[{"embeddable":true,"href":"https:\/\/cipc.gov.sk\/index.php\/wp-json\/wp\/v2\/users\/1"}],"replies":[{"embeddable":true,"href":"https:\/\/cipc.gov.sk\/index.php\/wp-json\/wp\/v2\/comments?post=80"}],"version-history":[{"count":28,"href":"https:\/\/cipc.gov.sk\/index.php\/wp-json\/wp\/v2\/pages\/80\/revisions"}],"predecessor-version":[{"id":932,"href":"https:\/\/cipc.gov.sk\/index.php\/wp-json\/wp\/v2\/pages\/80\/revisions\/932"}],"up":[{"embeddable":true,"href":"https:\/\/cipc.gov.sk\/index.php\/wp-json\/wp\/v2\/pages\/16"}],"wp:attachment":[{"href":"https:\/\/cipc.gov.sk\/index.php\/wp-json\/wp\/v2\/media?parent=80"}],"curies":[{"name":"wp","href":"https:\/\/api.w.org\/{rel}","templated":true}]}}